{"id":1317,"date":"2021-11-21T15:12:46","date_gmt":"2021-11-21T15:12:46","guid":{"rendered":"http:\/\/kcbnj4x6.web147.alfahosting-server.de\/home\/"},"modified":"2025-10-25T20:09:36","modified_gmt":"2025-10-25T18:09:36","slug":"home","status":"publish","type":"page","link":"https:\/\/blockfl\u00f6te-berlin.de\/home\/","title":{"rendered":"Home"},"content":{"rendered":"<div class=\"\" style=\"\" >\n    \n    <section class=\"u-clearfix u-image u-section-2\" id=\"sec-a74a\" data-image-width=\"1949\" data-image-height=\"2048\" style=\"background-image: url(&quot;https:\/\/blockfl\u00f6te-berlin.de\/wp-content\/uploads\/2023\/12\/IMG_3530-1949x2048-1.jpg&quot;);\">\n      <div class=\"u-clearfix u-sheet u-sheet-1\">\n        <h1 class=\"u-custom-font u-text u-text-default u-title u-text-1\">Lernbegleitung f\u00fcr&nbsp;<br>Blockfl\u00f6te Berlin\n        <\/h1>\n        <div class=\"u-border-3 u-border-palette-1-base u-container-align-center u-container-style u-group u-palette-1-base u-group-1\">\n          <div class=\"u-container-layout u-container-layout-1\">\n            <p class=\"u-align-center u-text u-text-2\"> Kostenlose Probestunde<\/p>\n          <\/div>\n        <\/div>\n      <\/div>\n    <\/section>\n    <section class=\"u-align-center u-clearfix u-palette-1-dark-1 u-section-3\" id=\"sec-91cd\">\n      <div class=\"u-clearfix u-sheet u-sheet-1\">\n        <h2 class=\"u-custom-font u-text u-text-body-color u-text-default u-text-1\"> Diplom-Instrumentalp\u00e4dagogin und Diplom-Musikerin mit Haup\u200btfach Blockfl\u00f6te<br>\n          <br>langj\u00e4hrige Erfahrung in der Arbeit mit Sch\u00fclern jeden Alters und K\u00f6nnens<br>\n          <br>individuell angepasste Methoden und Inhalte<br>\n          <br>Lernen und Musizieren mit Freude<br>\n          <br>regelm\u00e4\u00dfige Sch\u00fclervorspiele<br>\n          <br>Viel Spa\u00df beim St\u00f6bern auf meiner Seite! \n        <\/h2>\n      <\/div>\n    <\/section>\n    <section class=\"u-align-center u-clearfix u-palette-1-light-2 u-section-4\" id=\"sec-63fe\">\n      <div class=\"u-clearfix u-sheet u-sheet-1\">\n        <h2 class=\"u-custom-font u-text u-text-body-color u-text-default u-text-1\">Blockfl\u00f6te lernen<\/h2>\n        <div class=\"data-layout-selected u-clearfix u-expanded-width u-layout-wrap u-layout-wrap-1\">\n          <div class=\"u-layout\">\n            <div class=\"u-layout-row\">\n              <div class=\"u-container-style u-layout-cell u-size-20 u-layout-cell-1\">\n                <div class=\"u-container-layout u-valign-top-lg u-valign-top-xl u-container-layout-1\">\n                  <img decoding=\"async\" class=\"u-expanded-width-lg u-expanded-width-md u-expanded-width-sm u-expanded-width-xs u-image u-image-default u-image-1\" src=\"https:\/\/blockfl\u00f6te-berlin.de\/wp-content\/uploads\/2024\/01\/IMG_3467-1885x2048-1.jpg\" alt=\"\" data-image-width=\"1885\" data-image-height=\"2048\">\n                <\/div>\n              <\/div>\n              <div class=\"u-container-style u-layout-cell u-size-20 u-layout-cell-2\">\n                <div class=\"u-container-layout u-valign-bottom-sm u-valign-bottom-xs u-valign-top-lg u-container-layout-2\">\n                  <img decoding=\"async\" class=\"u-expanded-width-sm u-expanded-width-xs u-image u-image-default u-image-2\" src=\"https:\/\/blockfl\u00f6te-berlin.de\/wp-content\/uploads\/2023\/12\/IMG_3508-1536x2048-1.jpg\" alt=\"\" data-image-width=\"1536\" data-image-height=\"2048\">\n                <\/div>\n              <\/div>\n              <div class=\"u-container-style u-layout-cell u-size-20 u-layout-cell-3\">\n                <div class=\"u-container-layout u-valign-top-lg u-valign-top-xl u-container-layout-3\">\n                  <img decoding=\"async\" class=\"u-expanded-width-sm u-expanded-width-xs u-image u-image-default u-image-3\" src=\"https:\/\/blockfl\u00f6te-berlin.de\/wp-content\/uploads\/2024\/01\/IMG_3491-1-1288x2048-2-1.jpg\" alt=\"\" data-image-width=\"1288\" data-image-height=\"2048\">\n                <\/div>\n              <\/div>\n            <\/div>\n          <\/div>\n        <\/div>\n      <\/div>\n    <\/section>\n    <section class=\"u-clearfix u-container-align-center u-palette-1-dark-1 u-section-5\" id=\"carousel_163a\">\n      <div class=\"u-clearfix u-sheet u-valign-middle u-sheet-1\">\n        <div class=\"data-layout-selected u-clearfix u-expanded-width u-gutter-0 u-layout-wrap u-layout-wrap-1\">\n          <div class=\"u-layout\">\n            <div class=\"u-layout-row\">\n              <div class=\"u-align-left-md u-align-left-sm u-align-left-xs u-container-style u-layout-cell u-size-30 u-layout-cell-1\" data-animation-out=\"0\">\n                <div class=\"u-container-layout u-valign-top u-container-layout-1\">\n                  <h4 class=\"u-align-left-lg u-align-left-xl u-custom-font u-text u-text-1\">Wer ist bei mir richtig?<\/h4>\n                  <p class=\"u-align-justify-lg u-align-justify-xl u-custom-font u-text u-text-2\"> Meine Eltern waren \/ sind \u00fcberhaupt nicht musikalisch, ich hatte nur den Musikunterricht in der Schule, kann noch nicht mal Notenlesen und habe noch \u200bnie ein Instrument in der Hand gehalten, w\u00fcrde es jetzt aber gerne mal versuchen.&nbsp;<br>\n                    <br>Ich bin hochmotiviert und \u00fcbe jeden Tag mehrere Stunden, Blockfl\u00f6te ist mein liebstes Hobby&nbsp;<br>\n                    <br>Ich komme so gut wie nie zum \u00dcben, weil ich beruflich und famili\u00e4r so eingespannt bin, aber der w\u00f6chentliche Fl\u00f6tentermin ist f\u00fcr mich Wellness pur.<br>&nbsp;<br>Ich will Blockfl\u00f6te studieren und suche jemanden, der mich auf die Aufnahmepr\u00fcfung vorbereitet.&nbsp;<br>\n                    <br>Ich habe als Kind mal Blockfl\u00f6te gelernt, aber mittlerweile wieder alles vergessen und w\u00fcrde nun gerne wieder damit anfangen.&nbsp;<br>\n                    <br>An Zeit mangelt es mir zwar nicht, aber alleine schaffe ich es einfach nicht, mich zu Hause zum Fl\u00f6ten zu motivieren, ich brauche einfach diesen festen Termin in der Woche und merke, wie gut mir das tut.&nbsp;<br>\n                    <br>Ich will St\u00fcck \/ Song XY in absehbarer Zeit spielen k\u00f6nnen.&nbsp;<br>\n                    <br>Ich will eines Tages in Blockfl\u00f6tenorchester \/ Ensemble \/ Band XY mitspielen k\u00f6nnen.&nbsp;<br>\n                    <br>Ich will einfach nur f\u00fcr mich zum Spa\u00df Musik machen.&nbsp;<br>\n                    <br>Ich will Anschluss finden zu anderen Blockfl\u00f6tenspielern.&nbsp;<br>\n                    <br>Notenlesen interessiert mich nicht, ich will nur nach Gef\u00fchl und Geh\u00f6r spielen.&nbsp;<br>\n                    <br>Improvisieren ist \u00fcberhaupt nicht mein Ding, bitte nur St\u00fccke von Bach und Beethoven.&nbsp;<br>\n                    <br>Ich will auf keinen Fall diesen alten Kram spielen, meine Lieblingssongs \/ Lieblingsbands sind\u2026<br>\n                    <br>Ich will meine Blockfl\u00f6tentechnik endlich auf eine solide, professionelle Basis stellen, zeigen Sie mir bitte, wie es richtig geht, wie beherrscht man professionell dieses Instrument?&nbsp;<br>\n                    <br>Als Kind habe ich deutsche Griffweise gelernt und will auf keinen Fall umlernen, \u00fcberhaupt habe ich in meinem Leben schon genug Herausforderungen, ich will einfach immer nur meine Lieblingsst\u00fccke spielen.&nbsp;<br>\n                    <br>Ich brauche jede Woche ein paar neue St\u00fccke \/ Lieder \/ Songs \/ \u00dcbungen\u2026 sonst wird mir langweilig.&nbsp;<br>\n                    <br>Ich bin mit meinem spielerischem Niveau voll zufrieden und w\u00fcrde einfach gerne dieses Niveau halten und viele neue sch\u00f6ne St\u00fccke und Musikstile kennenlernen.&nbsp;<br>\n                    <br>Ich will schnellstm\u00f6glich dahin gef\u00fchrt werden, keinen Lehrer mehr zu brauchen. Bitte zeigen Sie mir, wie man sich selbst Blockfl\u00f6te beibringen kann.&nbsp;<br>\n                    <br>Das Gequietsche auf der Sopranblockfl\u00f6te ist mir viel zu hoch, ich will gleich mit Alt-, Tenor- oder Bassblockfl\u00f6te anfangen.<br>&nbsp;<br>Kann ich auch einfach nur Sopranino lernen?&nbsp;<br>\n                    <br>Ich habe geh\u00f6rt, dass man gut gegen geistigen Abbau im Alter vorbeugen kann, wenn man auf seine alten Tage erstmalig ein Musikinstrument erlernt, das w\u00fcrde ich nun gerne machen.&nbsp;<br>\n                    <br>Ich habe geh\u00f6rt, die Stimmung auf 432 Hz (415 Hz, \u2026) ist so viel ges\u00fcnder und entspannender als die in 440 Hz. K\u00f6nnen wir in dieser Stimmtonh\u00f6he musizieren?&nbsp;<br>\n                    <br>Ich bin schon 80 Jahre alt\u2026&nbsp;<br>\n                    <br>Mein Kind ist gerade mal 5 Jahre alt\u2026&nbsp;<br>\n                    <br>Mein Kind hat ADHS \/ Mutismus \/ Autismus \/ ist geistig behindert\u2026&nbsp;<br>\n                    <br>Ich will Blockfl\u00f6te lernen.<br>\n                    <br><b>Kurz gesagt:<\/b>\n                    <br>Grunds\u00e4tzlich bin ich f\u00fcr fast alles offen. Ansonsten geht Probieren \u00fcber Studieren. Daf\u00fcr gibt es ja die kostenlose Probestunde.\n                  <\/p>\n                  <div class=\"u-image u-image-circle u-image-1\" alt=\"\" data-image-width=\"1722\" data-image-height=\"1903\" style=\"background-image: url(&quot;https:\/\/blockfl\u00f6te-berlin.de\/wp-content\/uploads\/2024\/01\/IMG_3501-Kopie-rotated-1.jpg&quot;);\"><\/div>\n                <\/div>\n              <\/div>\n              <div class=\"u-container-style u-layout-cell u-size-30 u-layout-cell-2\">\n                <div class=\"u-container-layout u-container-layout-2\">\n                  <h4 class=\"u-align-left u-custom-font u-text u-text-default u-text-3\"> Wer ist bei mir falsch?<\/h4>\n                  <p class=\"u-align-justify u-custom-font u-text u-text-4\"> Mein Kind hat eigentlich keine Lust auf Blockfl\u00f6te, aber da muss es jetzt durch, vorher darf es nicht Klarinette \/ Geige \/ Saxophon lernen\u2026<br>\n                    <br>Blockfl\u00f6te ist einfach das billigste Instrument in der Erstanschaffung. Was anderes will ich mir nicht leisten.<br>\n                    <br>Mein Kind ist noch zu klein \/ zu jung f\u00fcr ein \u201erichtiges\u201c Instrument. Bis es soweit ist, soll es erst mal Blockfl\u00f6te lernen, auch wenn das so schrecklich klingt.<br>\n                    <br>Mein Kind will eigentlich Posaune \/ Trompete \/ Schlagzeug lernen, aber das ist uns einfach zu laut.<br>\n                    <br>Mein Kind will eigentlich lieber Instrument XY lernen, wie die gro\u00dfe \/ kleine Schwester, der gro\u00dfe \/ kleine Bruder, aber dieses Instrument ist ja nun schon vergeben\u2026<br>\n                    <br>Mein Kind w\u00fcrde eigentlich lieber Fu\u00dfballspielen \/ Tanzen gehen \/ frei haben, aber Musikunterricht soll ja soooo wichtig sein.<br>\n                    <br>Ich will gar nicht Blockfl\u00f6te lernen.<br>\n                    <br>Kurz gesagt:<br>Erwachsene w\u00fcrden nie auf die Idee kommen, etwas in ihrer Freizeit zu lernen und zudem selbst zu bezahlen, was Ihnen keine Freude bereitet.<br>Wieso sollten Kinder dann in ihrer Freizeit etwas lernen \/ machen m\u00fcssen, was ihnen keine Freude bereitet und was noch dazu Geld kostet?<br>Erfahrungsgem\u00e4\u00df h\u00f6ren solche Kinder, bei denen nur die Eltern wollen, dass das Kind Blockfl\u00f6te lernt, auch sehr schnell wieder auf und der Lerneffekt bleibt auch sehr gering, es kann sich im schlimmsten Fall sogar kontraproduktiv auswirken auf s\u00e4mtliche zuk\u00fcnftigen, musikalischen Aktivit\u00e4ten.<br>Bitte verderben Sie Ihrem Kind nicht die Freude an der Musik mit direkt oder indirekt erzwungenem Blockfl\u00f6tenunterricht oder jedem anderen Instrumentalunterricht.<br>Nat\u00fcrlich ist es nie verkehrt, einem Kind ein Angebot zu machen, es mit etwas Neuem in Ber\u00fchrung zu bringen, von dem es zuvor noch gar nicht wusste, dass es das gibt oder wie das so ist. Eben daf\u00fcr gibt es die Probestunde und die Probezeit. Sp\u00e4testens da wird sich zeigen, ob Ihr Kind Freude am Fl\u00f6ten hat, oder nicht.<br>Nebst der Freude am Inhaltlichen spielt nat\u00fcrlich auch das Zwischenmenschliche eine riesige Rolle. Es ist kein Geheimnis, wie sehr gerade bei Kindern, aber auch bei Erwachsenen die Lernmotivation davon abh\u00e4ngt, wie sehr sie ihren Lehrer \/ ihre Lehrerin m\u00f6gen. Auch das l\u00e4sst sich nur in einer Probestunde und in der Probezeit herausfinden.\n                  <\/p>\n                  <div class=\"u-image u-image-circle u-image-2\" alt=\"\" data-image-width=\"2048\" data-image-height=\"1536\" style=\"background-image: url(&quot;https:\/\/blockfl\u00f6te-berlin.de\/wp-content\/uploads\/2023\/12\/IMG_3430-2048x1536-2.jpg&quot;);\"><\/div>\n                <\/div>\n              <\/div>\n            <\/div>\n          <\/div>\n        <\/div>\n      <\/div>\n    <\/section>\n    \n    \n    \n    \n  \n<\/div>","protected":false},"excerpt":{"rendered":"<p>Lernbegleitung f\u00fcr&nbsp;Blockfl\u00f6te Berlin Kostenlose Probestunde Diplom-Instrumentalp\u00e4dagogin und Diplom-Musikerin mit Haup\u200btfach Blockfl\u00f6te langj\u00e4hrige Erfahrung in der Arbeit mit Sch\u00fclern jeden Alters und K\u00f6nnens individuell angepasste Methoden und Inhalte Lernen und Musizieren mit Freude regelm\u00e4\u00dfige Sch\u00fclervorspiele Viel Spa\u00df beim St\u00f6bern auf meiner Seite! Blockfl\u00f6te lernen Wer ist bei mir richtig? Meine Eltern waren \/ sind \u00fcberhaupt nicht &hellip;<\/p>\n<p class=\"read-more\"> <a class=\"\" href=\"https:\/\/blockfl\u00f6te-berlin.de\/home\/\"> <span class=\"screen-reader-text\">Home<\/span> Weiterlesen &raquo;<\/a><\/p>\n","protected":false},"author":2,"featured_media":0,"parent":0,"menu_order":0,"comment_status":"closed","ping_status":"closed","template":"","meta":{"_uag_custom_page_level_css":"","site-sidebar-layout":"no-sidebar","site-content-layout":"page-builder","ast-site-content-layout":"full-width-container","site-content-style":"unboxed","site-sidebar-style":"unboxed","ast-global-header-display":"","ast-banner-title-visibility":"","ast-main-header-display":"","ast-hfb-above-header-display":"","ast-hfb-below-header-display":"","ast-hfb-mobile-header-display":"","site-post-title":"disabled","ast-breadcrumbs-content":"","ast-featured-img":"disabled","footer-sml-layout":"","theme-transparent-header-meta":"enabled","adv-header-id-meta":"","stick-header-meta":"","header-above-stick-meta":"","header-main-stick-meta":"","header-below-stick-meta":"","astra-migrate-meta-layouts":"set","footnotes":""},"class_list":["post-1317","page","type-page","status-publish","hentry"],"uagb_featured_image_src":{"full":false,"thumbnail":false,"medium":false,"medium_large":false,"large":false,"1536x1536":false,"2048x2048":false},"uagb_author_info":{"display_name":"Richard Shaw","author_link":"https:\/\/blockfl\u00f6te-berlin.de\/home\/author\/richardshaw\/"},"uagb_comment_info":0,"uagb_excerpt":"Lernbegleitung f\u00fcr&nbsp;Blockfl\u00f6te Berlin Kostenlose Probestunde Diplom-Instrumentalp\u00e4dagogin und Diplom-Musikerin mit Haup\u200btfach Blockfl\u00f6te langj\u00e4hrige Erfahrung in der Arbeit mit Sch\u00fclern jeden Alters und K\u00f6nnens individuell angepasste Methoden und Inhalte Lernen und Musizieren mit Freude regelm\u00e4\u00dfige Sch\u00fclervorspiele Viel Spa\u00df beim St\u00f6bern auf meiner Seite! Blockfl\u00f6te lernen Wer ist bei mir richtig? Meine Eltern waren \/ sind \u00fcberhaupt nicht&hellip;","_links":{"self":[{"href":"https:\/\/blockfl\u00f6te-berlin.de\/home\/wp-json\/wp\/v2\/pages\/1317","targetHints":{"allow":["GET"]}}],"collection":[{"href":"https:\/\/blockfl\u00f6te-berlin.de\/home\/wp-json\/wp\/v2\/pages"}],"about":[{"href":"https:\/\/blockfl\u00f6te-berlin.de\/home\/wp-json\/wp\/v2\/types\/page"}],"author":[{"embeddable":true,"href":"https:\/\/blockfl\u00f6te-berlin.de\/home\/wp-json\/wp\/v2\/users\/2"}],"replies":[{"embeddable":true,"href":"https:\/\/blockfl\u00f6te-berlin.de\/home\/wp-json\/wp\/v2\/comments?post=1317"}],"version-history":[{"count":104,"href":"https:\/\/blockfl\u00f6te-berlin.de\/home\/wp-json\/wp\/v2\/pages\/1317\/revisions"}],"predecessor-version":[{"id":2059,"href":"https:\/\/blockfl\u00f6te-berlin.de\/home\/wp-json\/wp\/v2\/pages\/1317\/revisions\/2059"}],"wp:attachment":[{"href":"https:\/\/blockfl\u00f6te-berlin.de\/home\/wp-json\/wp\/v2\/media?parent=1317"}],"curies":[{"name":"wp","href":"https:\/\/api.w.org\/{rel}","templated":true}]}}