{"id":1834,"date":"2023-12-11T16:31:09","date_gmt":"2023-12-11T15:31:09","guid":{"rendered":"https:\/\/blockfl\u00f6te-berlin.de\/home\/?page_id=1834"},"modified":"2023-12-12T12:12:57","modified_gmt":"2023-12-12T11:12:57","slug":"blockfloetenquiz","status":"publish","type":"page","link":"https:\/\/blockfl\u00f6te-berlin.de\/home\/blockfloetenquiz\/","title":{"rendered":"Blockfl\u00f6tenquiz"},"content":{"rendered":"<div class=\"\" style=\"\" >\n    \n    <section class=\"u-clearfix u-image u-section-2\" id=\"carousel_d0af\" data-image-width=\"2048\" data-image-height=\"2026\" style=\"background-image: url(&quot;https:\/\/blockfl\u00f6te-berlin.de\/wp-content\/uploads\/2023\/12\/IMG_3431-2048x2026-1.jpg&quot;);\">\n      <div class=\"u-clearfix u-sheet u-sheet-1\">\n        <div class=\"u-container-style u-group u-palette-4-base u-shape-circle u-group-1\">\n          <div class=\"u-container-layout u-container-layout-1\">\n            <h2 class=\"u-align-center u-custom-font u-font-arial u-text u-text-1\">Blockfl\u00f6tenquiz <\/h2>\n            <p class=\"u-align-center u-custom-font u-font-arial u-text u-text-default u-text-2\"> Teste dein Blockfl\u00f6tenwissen<\/p>\n          <\/div>\n        <\/div>\n      <\/div>\n    <\/section>\n    <section class=\"u-carousel u-carousel-duration-1750 u-slide u-block-c807-1\" id=\"carousel-d12c\" data-interval=\"0\" data-u-ride=\"false\">\n      <ol class=\"u-absolute-hcenter u-carousel-indicators u-block-c807-2\">\n        <li data-u-target=\"#carousel-d12c\" class=\"u-active u-grey-30\" data-u-slide-to=\"0\"><\/li>\n        <li data-u-target=\"#carousel-d12c\" class=\"u-grey-30\" data-u-slide-to=\"1\"><\/li>\n        <li data-u-target=\"#carousel-d12c\" class=\"u-grey-30\" data-u-slide-to=\"2\"><\/li>\n        <li data-u-target=\"#carousel-d12c\" class=\"u-grey-30\" data-u-slide-to=\"3\"><\/li>\n        <li data-u-target=\"#carousel-d12c\" class=\"u-grey-30\" data-u-slide-to=\"4\"><\/li>\n        <li data-u-target=\"#carousel-d12c\" class=\"u-grey-30\" data-u-slide-to=\"5\"><\/li>\n        <li data-u-target=\"#carousel-d12c\" class=\"u-grey-30\" data-u-slide-to=\"6\"><\/li>\n        <li data-u-target=\"#carousel-d12c\" class=\"u-grey-30\" data-u-slide-to=\"7\"><\/li>\n        <li data-u-target=\"#carousel-d12c\" class=\"u-grey-30\" data-u-slide-to=\"8\"><\/li>\n        <li data-u-target=\"#carousel-d12c\" class=\"u-grey-30\" data-u-slide-to=\"9\"><\/li>\n        <li data-u-target=\"#carousel-d12c\" class=\"u-grey-30\" data-u-slide-to=\"10\"><\/li>\n        <li data-u-target=\"#carousel-d12c\" class=\"u-grey-30\" data-u-slide-to=\"11\"><\/li>\n        <li data-u-target=\"#carousel-d12c\" class=\"u-grey-30\" data-u-slide-to=\"12\"><\/li>\n        <li data-u-target=\"#carousel-d12c\" class=\"u-grey-30\" data-u-slide-to=\"13\"><\/li>\n        <li data-u-target=\"#carousel-d12c\" class=\"u-grey-30\" data-u-slide-to=\"14\"><\/li>\n        <li data-u-target=\"#carousel-d12c\" class=\"u-grey-30\" data-u-slide-to=\"15\"><\/li>\n        <li data-u-target=\"#carousel-d12c\" class=\"u-grey-30\" data-u-slide-to=\"16\"><\/li>\n        <li data-u-target=\"#carousel-d12c\" class=\"u-grey-30\" data-u-slide-to=\"17\"><\/li>\n        <li data-u-target=\"#carousel-d12c\" class=\"u-grey-30\" data-u-slide-to=\"18\"><\/li>\n        <li data-u-target=\"#carousel-d12c\" class=\"u-grey-30\" data-u-slide-to=\"19\"><\/li>\n      <\/ol>\n      <div class=\"u-carousel-inner\" role=\"listbox\">\n        <div class=\"u-active u-align-center u-carousel-item u-clearfix u-container-align-center u-gradient u-section-3-1\">\n          <div class=\"u-clearfix u-sheet u-sheet-1\">\n            <h1 class=\"u-align-center u-text u-text-default u-text-grey-80 u-title u-text-1\"> Richtig oder falsch?&nbsp;<br>Pro Frage k\u00f6nnen null bis alle Antworten richtig oder falsch sein.\n            <\/h1>\n            <p class=\"u-align-center u-large-text u-text u-text-variant u-text-2\"> Klicken Sie rechts, um zu beginnen<\/p>\n          <\/div>\n        <\/div>\n        <div class=\"u-align-center u-carousel-item u-clearfix u-container-align-center-lg u-container-align-center-md u-container-align-center-sm u-container-align-center-xl u-gradient u-section-3-2\">\n          <div class=\"u-clearfix u-sheet u-sheet-1\">\n            <h1 class=\"u-align-center u-text u-text-body-color u-text-default u-title u-text-1\"> Frage 1:&nbsp;<br>Wie viele Blockfl\u00f6tengr\u00f6\u00dfen gibt es?\n            <\/h1>\n            <p class=\"u-align-center u-large-text u-text u-text-variant u-text-2\"> 1) Es gibt nur eine Sorte Blockfl\u00f6te, n\u00e4mlich dieses ca. 30 cm lange Ding, welches alle kleinen Kinder lernen.<br>2) Es gibt genau vier verschiedene Blockfl\u00f6tengr\u00f6\u00dfen: Sopran, Alt, Tenor und Bass<br>3) acht oder mehr\n            <\/p>\n          <\/div>\n        <\/div>\n        <div class=\"u-align-center u-carousel-item u-clearfix u-container-align-center u-gradient u-section-3-3\">\n          <div class=\"u-clearfix u-sheet u-sheet-1\">\n            <h1 class=\"u-align-center u-text u-text-body-color u-text-default u-title u-text-1\"> Frage 2:&nbsp;<br> Wie gro\u00df ist die gr\u00f6\u00dfte Blockfl\u00f6te?\n            <\/h1>\n            <p class=\"u-align-center u-large-text u-text u-text-variant u-text-2\"> 1) 50 cm<br>2) 1 m<br>3) 1,7 m<br>4) \u00fcber 2 m\n            <\/p>\n          <\/div>\n        <\/div>\n        <div class=\"u-align-center u-carousel-item u-clearfix u-container-align-center u-gradient u-section-3-4\">\n          <div class=\"u-clearfix u-sheet u-sheet-1\">\n            <h1 class=\"u-align-center u-text u-text-body-color u-text-default u-title u-text-1\"> Frage 3:&nbsp;<br> Wie klein ist die kleinste Blockfl\u00f6te?\n            <\/h1>\n            <p class=\"u-align-center u-large-text u-text u-text-variant u-text-2\"> 1) 12 cm<br>2) 17 cm<br>3) 21 cm<br>4) 34 cm\n            <\/p>\n          <\/div>\n        <\/div>\n        <div class=\"u-align-center u-carousel-item u-clearfix u-container-align-center u-gradient u-section-3-5\">\n          <div class=\"u-clearfix u-sheet u-sheet-1\">\n            <h1 class=\"u-align-center u-text u-text-body-color u-text-default u-title u-text-1\"> Frage 4:&nbsp;<br> Welche Stimmtonh\u00f6hen bei Blockfl\u00f6ten sind gebr\u00e4uchlich? (Wie oft schwingt der Ton a\u2018 in einer Sekunde? Die daf\u00fcr verwendete Ma\u00dfeinheit ist&nbsp;Hertz&nbsp;(Hz), nach dem Physiker Heinrich Hertz)\n            <\/h1>\n            <p class=\"u-align-center u-large-text u-text u-text-variant u-text-2\"> 1) a\u2018 = 440 Hz<br>2) a\u2018 = 415 Hz<br>3) a\u2018 = 432 Hz<br>4) a\u2018 = 466 Hz\n            <\/p>\n          <\/div>\n        <\/div>\n        <div class=\"u-align-center u-carousel-item u-clearfix u-container-align-center u-gradient u-section-3-6\">\n          <div class=\"u-clearfix u-sheet u-sheet-1\">\n            <h1 class=\"u-align-center u-text u-text-body-color u-text-default u-title u-text-1\"> Frage \u200b\u200b5:&nbsp;<br> Auf welchen To\u200bn \/ welche T\u00f6ne sind Blockfl\u00f6ten gestimmt?<br>(Welcher Ton erklingt, wenn man alle L\u00f6cher zumacht, was dem tiefsten Ton der Blockfl\u00f6te entspricht.)<br>\n            <\/h1>\n            <p class=\"u-align-center u-large-text u-text u-text-variant u-text-2\"> 1) Alle Blockfl\u00f6ten sind auf den Ton C gestimmt.<br>2) Es gibt C- und F-Fl\u00f6ten.<br>3) Es gibt auch Fl\u00f6ten auf D.<br>4) Es gibt auch Fl\u00f6ten auf G.<br>5) Es gibt auch Fl\u00f6ten auf His und Cis<br>6) Es gibt zu jedem einzelnen Ton auf dem Klavier eine spezielle Fl\u00f6te.\n            <\/p>\n          <\/div>\n        <\/div>\n        <div class=\"u-align-center u-carousel-item u-clearfix u-container-align-center u-gradient u-section-3-7\">\n          <div class=\"u-clearfix u-sheet u-sheet-1\">\n            <h1 class=\"u-align-center u-text u-text-body-color u-text-default u-title u-text-1\"> Frage 6:&nbsp;<br> Aus welchen Materialien bestehen Blockfl\u00f6ten?<br>\n            <\/h1>\n            <p class=\"u-align-center u-large-text u-text u-text-variant u-text-2\"> 1) aus Plastik<br>2) aus Holz<br>3) aus Glas<br>4) aus Silber<br>5) aus Grenadill<br>6) aus Knochen<br>7) aus Buchsbaum<br>8) aus Ahorn<br>9) aus Fichte<br>10) aus Olivenholz\n            <\/p>\n          <\/div>\n        <\/div>\n        <div class=\"u-align-center u-carousel-item u-clearfix u-container-align-center u-gradient u-section-3-8\">\n          <div class=\"u-clearfix u-sheet u-sheet-1\">\n            <h1 class=\"u-align-center u-text u-text-body-color u-text-default u-title u-text-1\"> Frage 7:&nbsp;<br> Aus wie vielen Einzelteilen k\u00f6nnen Blockfl\u00f6ten bestehen?<br>\n            <\/h1>\n            <p class=\"u-align-center u-large-text u-text u-text-variant u-text-2\"> 1) aus nur einem einzigen Teil<br>2) aus zwei Teilen<br>3) aus drei Teilen<br>4) aus vier Teilen<br>5) aus f\u00fcnf und noch viel mehr Teilen\n            <\/p>\n          <\/div>\n        <\/div>\n        <div class=\"u-align-center u-carousel-item u-clearfix u-container-align-center u-gradient u-section-3-9\">\n          <div class=\"u-clearfix u-sheet u-sheet-1\">\n            <h1 class=\"u-align-center u-text u-text-body-color u-text-default u-title u-text-1\"> Frage 8:&nbsp;<br> Gibt es auch eine E-Blockfl\u00f6te (elektronische Blockfl\u00f6te)?<br>\n            <\/h1>\n            <p class=\"u-align-center u-large-text u-text u-text-variant u-text-2\"> 1) bestimmt nicht<br>2) ja, die gibt es\n            <\/p>\n          <\/div>\n        <\/div>\n        <div class=\"u-align-center u-carousel-item u-clearfix u-container-align-center u-gradient u-section-3-10\">\n          <div class=\"u-clearfix u-sheet u-sheet-1\">\n            <h1 class=\"u-align-center u-text u-text-body-color u-text-default u-title u-text-1\"> Frage 9:&nbsp;<br> Was davon gibt es tats\u00e4chlich?<br>\n            <\/h1>\n            <p class=\"u-align-center u-large-text u-text u-text-variant u-text-2\"> 1) Professuren f\u00fcr Blockfl\u00f6te<br>2) einen Doktortitel im Fach Blockfl\u00f6te&nbsp;<br>3) ein Diplom \/ Bachelor \/ Master im Fach Blockfl\u00f6te<br>4) Berufsmusiker mit Hauptfach Blockfl\u00f6te<br>5) Orchesterstellen f\u00fcr Blockfl\u00f6te z.B. bei den Berliner Philharmonikern\n            <\/p>\n          <\/div>\n        <\/div>\n        <div class=\"u-align-center u-carousel-item u-clearfix u-container-align-center u-gradient u-section-3-11\">\n          <div class=\"u-clearfix u-sheet u-sheet-1\">\n            <h1 class=\"u-align-center u-text u-text-body-color u-text-default u-title u-text-1\"> Frage 10:&nbsp;<br> Wie alt ist die \u00e4lteste erhaltene Fl\u00f6te (nicht Blockfl\u00f6te, sondern Fl\u00f6te) der Welt?&nbsp;<br>\n            <\/h1>\n            <p class=\"u-align-center u-large-text u-text u-text-variant u-text-2\"> 1) 500 Jahre<br>2) 1000 Jahre<br>3) 3000 Jahre<br>4) 10.000 Jahre<br>5) 35.000 Jahre\n            <\/p>\n          <\/div>\n        <\/div>\n        <div class=\"u-align-center u-carousel-item u-clearfix u-container-align-center u-gradient u-section-3-12\">\n          <div class=\"u-clearfix u-sheet u-sheet-1\">\n            <h1 class=\"u-align-center u-text u-text-body-color u-text-default u-title u-text-1\"> Frage 11:&nbsp;<br> Welche dieser Komponisten hat uns Originalliteratur f\u00fcr Blockfl\u00f6te hinterlassen? <br>(Sprich St\u00fccke geschrieben, die ausdr\u00fccklich f\u00fcr die Blockfl\u00f6te gedacht waren und sind.)&nbsp;<br>\n            <\/h1>\n            <p class=\"u-align-center u-large-text u-text u-text-variant u-text-2\"> 1) Georg Friedrich H\u00e4ndel<br>2) Antonio Vivaldi<br>3) Johann Sebastian Bach<br>4) Wolfgang Amadeus Mozart<br>5) Franz Schubert<br>6) Gustav Mahler\n            <\/p>\n          <\/div>\n        <\/div>\n        <div class=\"u-align-center u-carousel-item u-clearfix u-container-align-center u-gradient u-section-3-13\">\n          <div class=\"u-clearfix u-sheet u-sheet-1\">\n            <h1 class=\"u-align-center u-text u-text-body-color u-text-default u-title u-text-1\"> Frage 12:&nbsp;<br> Wie viele Griffl\u00f6cher hat eine Blockfl\u00f6te?&nbsp;<br>\n            <\/h1>\n            <p class=\"u-align-center u-large-text u-text u-text-variant u-text-2\"> 1) sechs<br>2) acht<br>3) neun<br>4) wenn man die Doppell\u00f6cher mitz\u00e4hlt sogar 10\n            <\/p>\n          <\/div>\n        <\/div>\n        <div class=\"u-align-center u-carousel-item u-clearfix u-container-align-center u-gradient u-section-3-14\">\n          <div class=\"u-clearfix u-sheet u-sheet-1\">\n            <h1 class=\"u-align-center u-text u-text-body-color u-text-default u-title u-text-1\"> Frage 13:&nbsp;<br> Wieso hei\u00dft die Blockfl\u00f6te eigentlich Blockfl\u00f6te?<br>\n            <\/h1>\n            <p class=\"u-align-center u-large-text u-text u-text-variant u-text-2\"> 1) Sie ist benannt nach ihrem entscheidenden Bestandteil, dem Block, dem meist anders farbigem St\u00fcck Holz im Kopf der Blockfl\u00f6te.<br>2) Weil fr\u00fcher im Zuge der Hausmusik im eigenen Wohnblock viel Fl\u00f6te gespielt wurde.<br>3) Im Italienischen hei\u00dft die Blockfl\u00f6te \u201eflauto dolce\u201c, sprich \u201es\u00fc\u00dfe (weiche, milde) Fl\u00f6te\u201c<br>4) Im Englischen hei\u00dft die Blockfl\u00f6te \u201erecorder\u201c, im Sinne von \u201eaufnehmen, festhalten, erinnern\u201c<br>5) Im Franz\u00f6sischen nennt man die Blockfl\u00f6te \u201efl\u00fbte \u00e0 bec\u201c, was soviel wie Schnabelfl\u00f6te hei\u00dft<br>6) Im Russischen nennt man die Blockfl\u00f6te \u201ekoschkafljeta\u201c, sprich \u201eKatzenfl\u00f6te\u201c, warum das allerdings so ist, entzieht sich meiner Kenntnis.\n            <\/p>\n          <\/div>\n        <\/div>\n        <div class=\"u-align-center u-carousel-item u-clearfix u-container-align-center u-gradient u-section-3-15\">\n          <div class=\"u-clearfix u-sheet u-sheet-1\">\n            <h1 class=\"u-align-center u-text u-text-body-color u-text-default u-title u-text-1\"> Frage 14:&nbsp;<br> Wie viele T\u00f6ne kann man auf einer (einzigen) Blockfl\u00f6te insgesamt spielen?<br>\n            <\/h1>\n            <p class=\"u-align-center u-large-text u-text u-text-variant u-text-2\"> 1) f\u00fcnf<br>2) zehn<br>3) dreizehn<br>4) zwanzig<br>5) an die drei\u00dfig T\u00f6ne<br>6) Z\u00e4hlen Viertelt\u00f6ne und Mikrot\u00f6ne auch?\n            <\/p>\n          <\/div>\n        <\/div>\n        <div class=\"u-align-center u-carousel-item u-clearfix u-container-align-center u-gradient u-section-3-16\">\n          <div class=\"u-clearfix u-sheet u-sheet-1\">\n            <h1 class=\"u-align-center u-text u-text-body-color u-text-default u-title u-text-1\"> Frage 15:&nbsp;<br> Wie viele T\u00f6ne kann man auf einer Blockfl\u00f6te gleichzeitig spielen?<br>\n            <\/h1>\n            <p class=\"u-align-center u-large-text u-text u-text-variant u-text-2\"> 1) Im Normalfall nur einen<br>2) Mit speziellen Griffen kann man auch mehr als einen Ton gleichzeitig produzieren.<br>3) Man kann einen Ton spielen und einen anderen Ton gleichzeitig singen, dann hat man auch zwei verschiedene T\u00f6ne.<br>4) Man kann auch zwei Fl\u00f6ten in den Mund nehmen, in jede Hand eine und so zweistimmig spielen.\n            <\/p>\n          <\/div>\n        <\/div>\n        <div class=\"u-align-center u-carousel-item u-clearfix u-container-align-center u-gradient u-section-3-17\">\n          <div class=\"u-clearfix u-sheet u-sheet-1\">\n            <h1 class=\"u-align-center u-text u-text-body-color u-text-default u-title u-text-1\"> Frage 16:&nbsp;<br> Wie viele Blockfl\u00f6ten hat eine Blockfl\u00f6tenlehrerin \/ Blockfl\u00f6tistin ca. zu Hause in ihrem Fl\u00f6tenschrank?<br>\n            <\/h1>\n            <p class=\"u-align-center u-large-text u-text u-text-variant u-text-2\"> 1) vier \u2013 f\u00fcnf<br>2) f\u00fcnf \u2013 zehn<br>3) zehn- f\u00fcnfzehn<br>4) 20 \u2013 30<br>5) mehr als 30\n            <\/p>\n          <\/div>\n        <\/div>\n        <div class=\"u-align-center u-carousel-item u-clearfix u-container-align-center u-gradient u-section-3-18\">\n          <div class=\"u-clearfix u-sheet u-sheet-1\">\n            <h1 class=\"u-align-center u-text u-text-body-color u-text-default u-title u-text-1\"> Frage 17:&nbsp;<br> Was geh\u00f6rt mit dazu zur Blockfl\u00f6tenpflege?<br>\n            <\/h1>\n            <p class=\"u-align-center u-large-text u-text u-text-variant u-text-2\"> 1) Man sollte die Blockfl\u00f6ten nach jedem Spielen von innen trockenwischen und anschlie\u00dfend wenn es geht noch weiter an der Luft trocknen lassen.<br>2) Die Blockfl\u00f6te muss im Herbst und Winter nach jedem Spielen trockengef\u00f6hnt werden.<br>3) Man muss nichts weiter beachten in Bezug auf Blockfl\u00f6tenpflege<br>4) Holzblockfl\u00f6ten muss man regelm\u00e4\u00dfig \u00f6len<br>5) Auch Plastikblockfl\u00f6ten sollte man hin und wieder \u00f6len<br>6) In tropischen L\u00e4ndern, wo es sehr, sehr feucht ist, gibt es Ger\u00e4te, in denen man die Blockfl\u00f6ten wieder trocken kann.\n            <\/p>\n          <\/div>\n        <\/div>\n        <div class=\"u-align-center u-carousel-item u-clearfix u-container-align-center u-gradient u-section-3-19\">\n          <div class=\"u-clearfix u-sheet u-sheet-1\">\n            <h1 class=\"u-align-center u-text u-text-body-color u-text-default u-title u-text-1\"> Frage 18:&nbsp;<br> Welche verschiedenen Griffweisen gibt es auf der Blockfl\u00f6te?<br>\n            <\/h1>\n            <p class=\"u-align-center u-large-text u-text u-text-variant u-text-2\"> 1) die klassische Griffweise<br>2) die barocke Griffweise<br>3) die franz\u00f6sische Griffweise<br>4) die deutsche Griffweise<br>5) die chinesische Griffweise\n            <\/p>\n          <\/div>\n        <\/div>\n        <div class=\"u-align-center u-carousel-item u-clearfix u-container-align-center u-gradient u-section-3-20\">\n          <div class=\"u-clearfix u-sheet u-sheet-1\">\n            <h1 class=\"u-align-center u-text u-text-body-color u-text-default u-title u-text-1\">Ende!<\/h1>\n            <p class=\"u-align-center u-large-text u-text u-text-variant u-text-2\"> Klicken Sie unten, um herauszufinden, wie Sie abgeschnitten haben<\/p>\n            <a href=\"https:\/\/blockfl\u00f6te-berlin.de\/home\/aufloesungen\/\" class=\"u-align-center u-border-2 u-border-grey-dark-1 u-btn u-btn-round u-button-style u-radius-50 u-btn-1\">aufl\u00f6sungen<\/a>\n          <\/div>\n        <\/div>\n      <\/div>\n      <a class=\"u-absolute-vcenter u-carousel-control u-carousel-control-prev u-text-grey-30 u-block-c807-3\" href=\"#carousel-d12c\" role=\"button\" data-u-slide=\"prev\">\n        <span aria-hidden=\"true\">\n          <svg viewBox=\"0 0 477.175 477.175\"><path d=\"M145.188,238.575l215.5-215.5c5.3-5.3,5.3-13.8,0-19.1s-13.8-5.3-19.1,0l-225.1,225.1c-5.3,5.3-5.3,13.8,0,19.1l225.1,225\n\t\tc2.6,2.6,6.1,4,9.5,4s6.9-1.3,9.5-4c5.3-5.3,5.3-13.8,0-19.1L145.188,238.575z\"><\/path><\/svg>\n        <\/span>\n        <span class=\"sr-only\">\n          <svg viewBox=\"0 0 477.175 477.175\"><path d=\"M145.188,238.575l215.5-215.5c5.3-5.3,5.3-13.8,0-19.1s-13.8-5.3-19.1,0l-225.1,225.1c-5.3,5.3-5.3,13.8,0,19.1l225.1,225\n\t\tc2.6,2.6,6.1,4,9.5,4s6.9-1.3,9.5-4c5.3-5.3,5.3-13.8,0-19.1L145.188,238.575z\"><\/path><\/svg>\n        <\/span>\n      <\/a>\n      <a class=\"u-absolute-vcenter u-carousel-control u-carousel-control-next u-text-grey-30 u-block-c807-4\" href=\"#carousel-d12c\" role=\"button\" data-u-slide=\"next\">\n        <span aria-hidden=\"true\">\n          <svg viewBox=\"0 0 477.175 477.175\"><path d=\"M360.731,229.075l-225.1-225.1c-5.3-5.3-13.8-5.3-19.1,0s-5.3,13.8,0,19.1l215.5,215.5l-215.5,215.5\n\t\tc-5.3,5.3-5.3,13.8,0,19.1c2.6,2.6,6.1,4,9.5,4c3.4,0,6.9-1.3,9.5-4l225.1-225.1C365.931,242.875,365.931,234.275,360.731,229.075z\"><\/path><\/svg>\n        <\/span>\n        <span class=\"sr-only\">\n          <svg viewBox=\"0 0 477.175 477.175\"><path d=\"M360.731,229.075l-225.1-225.1c-5.3-5.3-13.8-5.3-19.1,0s-5.3,13.8,0,19.1l215.5,215.5l-215.5,215.5\n\t\tc-5.3,5.3-5.3,13.8,0,19.1c2.6,2.6,6.1,4,9.5,4c3.4,0,6.9-1.3,9.5-4l225.1-225.1C365.931,242.875,365.931,234.275,360.731,229.075z\"><\/path><\/svg>\n        <\/span>\n      <\/a>\n    <\/section>\n    \n    \n    \n    \n  \n<\/div>","protected":false},"excerpt":{"rendered":"<p>Blockfl\u00f6tenquiz Teste dein Blockfl\u00f6tenwissen Richtig oder falsch?&nbsp;Pro Frage k\u00f6nnen null bis alle Antworten richtig oder falsch sein. Klicken Sie rechts, um zu beginnen Frage 1:&nbsp;Wie viele Blockfl\u00f6tengr\u00f6\u00dfen gibt es? 1) Es gibt nur eine Sorte Blockfl\u00f6te, n\u00e4mlich dieses ca. 30 cm lange Ding, welches alle kleinen Kinder lernen.2) Es gibt genau vier verschiedene Blockfl\u00f6tengr\u00f6\u00dfen: Sopran, &hellip;<\/p>\n<p class=\"read-more\"> <a class=\"\" href=\"https:\/\/blockfl\u00f6te-berlin.de\/home\/blockfloetenquiz\/\"> <span class=\"screen-reader-text\">Blockfl\u00f6tenquiz<\/span> Weiterlesen &raquo;<\/a><\/p>\n","protected":false},"author":2,"featured_media":0,"parent":0,"menu_order":0,"comment_status":"closed","ping_status":"closed","template":"","meta":{"_uag_custom_page_level_css":"","site-sidebar-layout":"default","site-content-layout":"","ast-site-content-layout":"default","site-content-style":"default","site-sidebar-style":"default","ast-global-header-display":"","ast-banner-title-visibility":"","ast-main-header-display":"","ast-hfb-above-header-display":"","ast-hfb-below-header-display":"","ast-hfb-mobile-header-display":"","site-post-title":"","ast-breadcrumbs-content":"","ast-featured-img":"","footer-sml-layout":"","theme-transparent-header-meta":"","adv-header-id-meta":"","stick-header-meta":"","header-above-stick-meta":"","header-main-stick-meta":"","header-below-stick-meta":"","astra-migrate-meta-layouts":"set","footnotes":""},"class_list":["post-1834","page","type-page","status-publish","hentry"],"uagb_featured_image_src":{"full":false,"thumbnail":false,"medium":false,"medium_large":false,"large":false,"1536x1536":false,"2048x2048":false},"uagb_author_info":{"display_name":"Richard Shaw","author_link":"https:\/\/blockfl\u00f6te-berlin.de\/home\/author\/richardshaw\/"},"uagb_comment_info":0,"uagb_excerpt":"Blockfl\u00f6tenquiz Teste dein Blockfl\u00f6tenwissen Richtig oder falsch?&nbsp;Pro Frage k\u00f6nnen null bis alle Antworten richtig oder falsch sein. Klicken Sie rechts, um zu beginnen Frage 1:&nbsp;Wie viele Blockfl\u00f6tengr\u00f6\u00dfen gibt es? 1) Es gibt nur eine Sorte Blockfl\u00f6te, n\u00e4mlich dieses ca. 30 cm lange Ding, welches alle kleinen Kinder lernen.2) Es gibt genau vier verschiedene Blockfl\u00f6tengr\u00f6\u00dfen: Sopran,&hellip;","_links":{"self":[{"href":"https:\/\/blockfl\u00f6te-berlin.de\/home\/wp-json\/wp\/v2\/pages\/1834","targetHints":{"allow":["GET"]}}],"collection":[{"href":"https:\/\/blockfl\u00f6te-berlin.de\/home\/wp-json\/wp\/v2\/pages"}],"about":[{"href":"https:\/\/blockfl\u00f6te-berlin.de\/home\/wp-json\/wp\/v2\/types\/page"}],"author":[{"embeddable":true,"href":"https:\/\/blockfl\u00f6te-berlin.de\/home\/wp-json\/wp\/v2\/users\/2"}],"replies":[{"embeddable":true,"href":"https:\/\/blockfl\u00f6te-berlin.de\/home\/wp-json\/wp\/v2\/comments?post=1834"}],"version-history":[{"count":18,"href":"https:\/\/blockfl\u00f6te-berlin.de\/home\/wp-json\/wp\/v2\/pages\/1834\/revisions"}],"predecessor-version":[{"id":1976,"href":"https:\/\/blockfl\u00f6te-berlin.de\/home\/wp-json\/wp\/v2\/pages\/1834\/revisions\/1976"}],"wp:attachment":[{"href":"https:\/\/blockfl\u00f6te-berlin.de\/home\/wp-json\/wp\/v2\/media?parent=1834"}],"curies":[{"name":"wp","href":"https:\/\/api.w.org\/{rel}","templated":true}]}}