{"id":1868,"date":"2023-12-12T08:23:29","date_gmt":"2023-12-12T07:23:29","guid":{"rendered":"https:\/\/blockfl\u00f6te-berlin.de\/home\/?page_id=1868"},"modified":"2023-12-12T12:20:53","modified_gmt":"2023-12-12T11:20:53","slug":"klavier","status":"publish","type":"page","link":"https:\/\/blockfl\u00f6te-berlin.de\/home\/klavier\/","title":{"rendered":"Klavier"},"content":{"rendered":"<div class=\"\" style=\"\" >\n    \n    <section class=\"u-clearfix u-image u-section-2\" id=\"sec-b39e\" data-image-width=\"1024\" data-image-height=\"683\" style=\"background-image: url(&quot;https:\/\/blockfl\u00f6te-berlin.de\/wp-content\/uploads\/2023\/12\/1868-0-2-1.jpeg&quot;);\">\n      <div class=\"u-clearfix u-sheet u-sheet-1\"><\/div>\n    <\/section>\n    <section class=\"u-clearfix u-container-align-left u-palette-1-light-1 u-section-3\" id=\"carousel_4488\">\n      <div class=\"u-clearfix u-sheet u-sheet-1\">\n        <div class=\"custom-expanded data-layout-selected u-absolute-hcenter u-clearfix u-dnd-started u-expanded-width-lg u-expanded-width-md u-expanded-width-xl u-layout-wrap u-res-move-started u-layout-wrap-1\">\n          <div class=\"u-layout\">\n            <div class=\"u-layout-row\">\n              <div class=\"u-container-style u-layout-cell u-size-30 u-layout-cell-1\">\n                <div class=\"u-container-layout u-valign-middle-lg u-valign-middle-md u-valign-middle-sm u-valign-middle-xl u-container-layout-1\">\n                  <div class=\"u-image u-image-circle u-preserve-proportions u-image-1\" alt=\"\" data-image-width=\"5760\" data-image-height=\"3840\" style=\"background-image: url(&quot;https:\/\/blockfl\u00f6te-berlin.de\/wp-content\/uploads\/2023\/12\/1868-0-3-1.jpeg&quot;);\"><\/div>\n                <\/div>\n              <\/div>\n              <div class=\"u-container-style u-layout-cell u-size-30 u-layout-cell-2\">\n                <div class=\"u-container-layout u-container-layout-2\">\n                  <h2 class=\"u-align-center u-custom-font u-text u-text-default u-text-grey-80 u-text-1\">Lernbegleitung Klavier<\/h2>\n                  <div class=\"u-align-center u-border-3 u-border-grey-dark-1 u-line u-line-horizontal u-line-1\"><\/div>\n                  <p class=\"u-align-center u-custom-font u-text u-text-default u-text-2\"> W\u00e4hrend meiner eigenen Musikschulausbildung und meines sechsj\u00e4hrigen Musikstudiums durfte ich auch eine solide Ausbildung im Nebenfach Klavier genie\u00dfen.&nbsp;<br>\n                    <br>Fortgeschrittene Interessenten w\u00fcrde ich immer an Kollegen, deren Hauptfach Klavier war und ist, weiterleiten.&nbsp;<br>\n                    <br>Wem ich aber gut weiterhelfen kann sind:&nbsp;<br>- Anf\u00e4nger \/ Einsteiger<br>- an einem Schnupperkurs interessierte Sch\u00fcler<br>- an Grundkenntnissen interessierte Sch\u00fcler\n                  <\/p>\n                <\/div>\n              <\/div>\n            <\/div>\n          <\/div>\n        <\/div>\n      <\/div>\n    <\/section>\n    \n    \n    \n    \n  \n<\/div>","protected":false},"excerpt":{"rendered":"<p>Lernbegleitung Klavier W\u00e4hrend meiner eigenen Musikschulausbildung und meines sechsj\u00e4hrigen Musikstudiums durfte ich auch eine solide Ausbildung im Nebenfach Klavier genie\u00dfen.&nbsp; Fortgeschrittene Interessenten w\u00fcrde ich immer an Kollegen, deren Hauptfach Klavier war und ist, weiterleiten.&nbsp; Wem ich aber gut weiterhelfen kann sind:&nbsp;&#8211; Anf\u00e4nger \/ Einsteiger- an einem Schnupperkurs interessierte Sch\u00fcler- an Grundkenntnissen interessierte Sch\u00fcler<\/p>\n","protected":false},"author":2,"featured_media":0,"parent":0,"menu_order":0,"comment_status":"closed","ping_status":"closed","template":"","meta":{"_uag_custom_page_level_css":"","site-sidebar-layout":"default","site-content-layout":"","ast-site-content-layout":"default","site-content-style":"default","site-sidebar-style":"default","ast-global-header-display":"","ast-banner-title-visibility":"","ast-main-header-display":"","ast-hfb-above-header-display":"","ast-hfb-below-header-display":"","ast-hfb-mobile-header-display":"","site-post-title":"","ast-breadcrumbs-content":"","ast-featured-img":"","footer-sml-layout":"","theme-transparent-header-meta":"","adv-header-id-meta":"","stick-header-meta":"","header-above-stick-meta":"","header-main-stick-meta":"","header-below-stick-meta":"","astra-migrate-meta-layouts":"set","footnotes":""},"class_list":["post-1868","page","type-page","status-publish","hentry"],"uagb_featured_image_src":{"full":false,"thumbnail":false,"medium":false,"medium_large":false,"large":false,"1536x1536":false,"2048x2048":false},"uagb_author_info":{"display_name":"Richard Shaw","author_link":"https:\/\/blockfl\u00f6te-berlin.de\/home\/author\/richardshaw\/"},"uagb_comment_info":0,"uagb_excerpt":"Lernbegleitung Klavier W\u00e4hrend meiner eigenen Musikschulausbildung und meines sechsj\u00e4hrigen Musikstudiums durfte ich auch eine solide Ausbildung im Nebenfach Klavier genie\u00dfen.&nbsp; Fortgeschrittene Interessenten w\u00fcrde ich immer an Kollegen, deren Hauptfach Klavier war und ist, weiterleiten.&nbsp; Wem ich aber gut weiterhelfen kann sind:&nbsp;- Anf\u00e4nger \/ Einsteiger- an einem Schnupperkurs interessierte Sch\u00fcler- an Grundkenntnissen interessierte Sch\u00fcler","_links":{"self":[{"href":"https:\/\/blockfl\u00f6te-berlin.de\/home\/wp-json\/wp\/v2\/pages\/1868","targetHints":{"allow":["GET"]}}],"collection":[{"href":"https:\/\/blockfl\u00f6te-berlin.de\/home\/wp-json\/wp\/v2\/pages"}],"about":[{"href":"https:\/\/blockfl\u00f6te-berlin.de\/home\/wp-json\/wp\/v2\/types\/page"}],"author":[{"embeddable":true,"href":"https:\/\/blockfl\u00f6te-berlin.de\/home\/wp-json\/wp\/v2\/users\/2"}],"replies":[{"embeddable":true,"href":"https:\/\/blockfl\u00f6te-berlin.de\/home\/wp-json\/wp\/v2\/comments?post=1868"}],"version-history":[{"count":5,"href":"https:\/\/blockfl\u00f6te-berlin.de\/home\/wp-json\/wp\/v2\/pages\/1868\/revisions"}],"predecessor-version":[{"id":1978,"href":"https:\/\/blockfl\u00f6te-berlin.de\/home\/wp-json\/wp\/v2\/pages\/1868\/revisions\/1978"}],"wp:attachment":[{"href":"https:\/\/blockfl\u00f6te-berlin.de\/home\/wp-json\/wp\/v2\/media?parent=1868"}],"curies":[{"name":"wp","href":"https:\/\/api.w.org\/{rel}","templated":true}]}}