{"id":1890,"date":"2023-12-12T08:41:31","date_gmt":"2023-12-12T07:41:31","guid":{"rendered":"https:\/\/blockfl\u00f6te-berlin.de\/home\/?page_id=1890"},"modified":"2023-12-12T12:25:55","modified_gmt":"2023-12-12T11:25:55","slug":"basiswissen-musik","status":"publish","type":"page","link":"https:\/\/blockfl\u00f6te-berlin.de\/home\/basiswissen-musik\/","title":{"rendered":"Basiswissen Musik"},"content":{"rendered":"<div class=\"\" style=\"\" >\n    \n    <section class=\"u-clearfix u-valign-middle u-section-2\" id=\"sec-380d\">\n      <img decoding=\"async\" class=\"u-expanded-width u-image u-image-default u-image-1\" src=\"https:\/\/blockfl\u00f6te-berlin.de\/wp-content\/uploads\/2023\/12\/IMG_3460-1-2048x1536-1.jpg\" alt=\"\" data-image-width=\"2048\" data-image-height=\"1536\">\n    <\/section>\n    <section class=\"u-clearfix u-palette-1-dark-1 u-section-3\" id=\"carousel_cd42\">\n      <div class=\"u-clearfix u-sheet u-sheet-1\">\n        <div class=\"data-layout-selected u-clearfix u-expanded-width u-layout-wrap u-layout-wrap-1\">\n          <div class=\"u-layout\">\n            <div class=\"u-layout-row\">\n              <div class=\"u-container-align-left-xl u-container-style u-layout-cell u-size-30 u-layout-cell-1\" data-animation-name=\"customAnimationIn\" data-animation-duration=\"1500\">\n                <div class=\"u-container-layout u-container-layout-1\">\n                  <h2 class=\"u-align-left u-custom-font u-text u-text-1\"> Basiswissen Musik<\/h2>\n                  <div class=\"u-border-3 u-border-grey-5 u-line u-line-horizontal u-line-1\"><\/div>\n                  <p class=\"u-align-left u-custom-font u-large-text u-text u-text-default u-text-variant u-text-2\"> Sie wollen sich mit Hilfe der Blockfl\u00f6te, des Klaviers, eines anderen Instruments oder v\u00f6llig unabh\u00e4ngig davon ein Basiswissen in Musik aufbauen oder bereits vorhandenes Wissen erweitern, sei es aus reinem Interesse oder mit Hinblick auf ein bestimmtes Ziel (z.B. Mitwirken in einer Band \/ Gruppe, Vorbereitung auf die Aufnahmepr\u00fcfung an einer Musikhochschule\u2026)? <br>\n                    <br>Auch da kann ich gut und gerne helfen.<br>\n                  <\/p>\n                <\/div>\n              <\/div>\n              <div class=\"u-container-style u-layout-cell u-size-30 u-layout-cell-2\" data-animation-name=\"customAnimationIn\" data-animation-duration=\"1500\" data-animation-delay=\"500\">\n                <div class=\"u-container-layout u-container-layout-2\">\n                  <p class=\"u-align-left u-custom-font u-text u-text-3\">\n                    <br>\n                    <br>M\u00f6gliche Themenfelder sind:<br>&nbsp;<br>- Rhythmus<br>- Geh\u00f6rbildung<br>- Notenlehre<br>- Musiktheorie<br>- Harmonielehre<br>- Generalbass<br>- Musikgeschichte<br>- Instrumentenkunde<br>- Komposition<br>- Improvisation<br>\n                    <br>und vieles mehr \n                  <\/p>\n                <\/div>\n              <\/div>\n            <\/div>\n          <\/div>\n        <\/div>\n      <\/div>\n    <\/section>\n    \n    \n    \n    \n  \n<\/div>","protected":false},"excerpt":{"rendered":"<p>Basiswissen Musik Sie wollen sich mit Hilfe der Blockfl\u00f6te, des Klaviers, eines anderen Instruments oder v\u00f6llig unabh\u00e4ngig davon ein Basiswissen in Musik aufbauen oder bereits vorhandenes Wissen erweitern, sei es aus reinem Interesse oder mit Hinblick auf ein bestimmtes Ziel (z.B. Mitwirken in einer Band \/ Gruppe, Vorbereitung auf die Aufnahmepr\u00fcfung an einer Musikhochschule\u2026)? Auch &hellip;<\/p>\n<p class=\"read-more\"> <a class=\"\" href=\"https:\/\/blockfl\u00f6te-berlin.de\/home\/basiswissen-musik\/\"> <span class=\"screen-reader-text\">Basiswissen Musik<\/span> Weiterlesen &raquo;<\/a><\/p>\n","protected":false},"author":2,"featured_media":0,"parent":0,"menu_order":0,"comment_status":"closed","ping_status":"closed","template":"","meta":{"_uag_custom_page_level_css":"","site-sidebar-layout":"default","site-content-layout":"","ast-site-content-layout":"default","site-content-style":"default","site-sidebar-style":"default","ast-global-header-display":"","ast-banner-title-visibility":"","ast-main-header-display":"","ast-hfb-above-header-display":"","ast-hfb-below-header-display":"","ast-hfb-mobile-header-display":"","site-post-title":"","ast-breadcrumbs-content":"","ast-featured-img":"","footer-sml-layout":"","theme-transparent-header-meta":"","adv-header-id-meta":"","stick-header-meta":"","header-above-stick-meta":"","header-main-stick-meta":"","header-below-stick-meta":"","astra-migrate-meta-layouts":"set","footnotes":""},"class_list":["post-1890","page","type-page","status-publish","hentry"],"uagb_featured_image_src":{"full":false,"thumbnail":false,"medium":false,"medium_large":false,"large":false,"1536x1536":false,"2048x2048":false},"uagb_author_info":{"display_name":"Richard Shaw","author_link":"https:\/\/blockfl\u00f6te-berlin.de\/home\/author\/richardshaw\/"},"uagb_comment_info":0,"uagb_excerpt":"Basiswissen Musik Sie wollen sich mit Hilfe der Blockfl\u00f6te, des Klaviers, eines anderen Instruments oder v\u00f6llig unabh\u00e4ngig davon ein Basiswissen in Musik aufbauen oder bereits vorhandenes Wissen erweitern, sei es aus reinem Interesse oder mit Hinblick auf ein bestimmtes Ziel (z.B. Mitwirken in einer Band \/ Gruppe, Vorbereitung auf die Aufnahmepr\u00fcfung an einer Musikhochschule\u2026)? Auch&hellip;","_links":{"self":[{"href":"https:\/\/blockfl\u00f6te-berlin.de\/home\/wp-json\/wp\/v2\/pages\/1890","targetHints":{"allow":["GET"]}}],"collection":[{"href":"https:\/\/blockfl\u00f6te-berlin.de\/home\/wp-json\/wp\/v2\/pages"}],"about":[{"href":"https:\/\/blockfl\u00f6te-berlin.de\/home\/wp-json\/wp\/v2\/types\/page"}],"author":[{"embeddable":true,"href":"https:\/\/blockfl\u00f6te-berlin.de\/home\/wp-json\/wp\/v2\/users\/2"}],"replies":[{"embeddable":true,"href":"https:\/\/blockfl\u00f6te-berlin.de\/home\/wp-json\/wp\/v2\/comments?post=1890"}],"version-history":[{"count":5,"href":"https:\/\/blockfl\u00f6te-berlin.de\/home\/wp-json\/wp\/v2\/pages\/1890\/revisions"}],"predecessor-version":[{"id":1979,"href":"https:\/\/blockfl\u00f6te-berlin.de\/home\/wp-json\/wp\/v2\/pages\/1890\/revisions\/1979"}],"wp:attachment":[{"href":"https:\/\/blockfl\u00f6te-berlin.de\/home\/wp-json\/wp\/v2\/media?parent=1890"}],"curies":[{"name":"wp","href":"https:\/\/api.w.org\/{rel}","templated":true}]}}