{"id":1901,"date":"2023-12-12T09:12:42","date_gmt":"2023-12-12T08:12:42","guid":{"rendered":"https:\/\/blockfl\u00f6te-berlin.de\/home\/?page_id=1901"},"modified":"2024-02-13T19:09:25","modified_gmt":"2024-02-13T18:09:25","slug":"preise-und-konditionen","status":"publish","type":"page","link":"https:\/\/blockfl\u00f6te-berlin.de\/home\/preise-und-konditionen\/","title":{"rendered":"Preise und Konditionen"},"content":{"rendered":"<div class=\"\" style=\"\" >\n    \n    <section class=\"u-clearfix u-container-align-center u-image u-section-2\" id=\"sec-1494\" data-image-width=\"2048\" data-image-height=\"1536\" style=\"background-image: url(&quot;https:\/\/blockfl\u00f6te-berlin.de\/wp-content\/uploads\/2023\/12\/IMG_3430-2048x1536-2-1.jpg&quot;);\">\n      <div class=\"u-clearfix u-sheet u-sheet-1\"><\/div>\n    <\/section>\n    <section class=\"u-align-center u-clearfix u-palette-1-dark-1 u-section-3\" id=\"sec-2055\">\n      <div class=\"u-clearfix u-sheet u-sheet-1\">\n        <h1 class=\"u-custom-font u-text u-text-default-xl u-text-1\">Preise und Konditionen&nbsp;<\/h1>\n        <div class=\"u-border-3 u-border-grey-dark-1 u-line u-line-horizontal u-line-1\"><\/div>\n        <div class=\"u-align-center u-border-3 u-border-grey-5 u-line u-line-horizontal u-line-2\"><\/div>\n        <h5 class=\"u-align-center u-custom-font u-text u-text-2\">konditionen<\/h5>\n        <p class=\"u-align-left-lg u-align-left-md u-align-left-sm u-align-left-xs u-custom-font u-text u-text-3\"> Der Unterricht findet 1 x w\u00f6chentlich statt immer zur gleichen Uhrzeit am gleichen Wochentag, au\u00dfer in den Schulferien und an den Feiertagen des Landes Berlin.<br>&nbsp;<br>Das entspricht im Schnitt ziemlich genau 3 Terminen pro Monat.<br>&nbsp;<br>Der Einfachheit halber wird jeden Monat das Honorar von 3 Terminen in Form eines Dauerauftrags \u00fcberwiesen, egal ob im besagtem Monat null (z.B. August) oder 5 (z.B. M\u00e4rz) Termine angefallen sind.\n        <\/p>\n        <div class=\"u-border-3 u-border-grey-dark-1 u-line u-line-horizontal u-line-3\"><\/div>\n        <div class=\"u-border-3 u-border-grey-dark-1 u-line u-line-vertical u-line-4\"><\/div>\n      <\/div>\n    <\/section>\n    <section class=\"u-align-center u-clearfix u-container-align-center-lg u-container-align-center-md u-container-align-center-xl u-palette-1-light-2 u-section-4\" id=\"carousel_4b2e\">\n      <div class=\"u-clearfix u-sheet u-sheet-1\">\n        <h5 class=\"u-align-center u-custom-font u-text u-text-default u-text-1\">preise<\/h5>\n        <div class=\"custom-expanded u-expanded-width-lg u-expanded-width-md u-expanded-width-sm u-expanded-width-xl u-table u-table-responsive u-table-1\">\n          <table class=\"u-table-entity u-table-entity-1\">\n            <colgroup>\n              <col width=\"21.4%\">\n              <col width=\"2.2%\">\n              <col width=\"76.4%\">\n            <\/colgroup>\n            <thead class=\"u-align-center u-table-header u-table-header-1\">\n              <tr style=\"height: 99px;\">\n                <th class=\"u-border-2 u-border-grey-25 u-border-no-left u-border-no-right u-border-no-top u-table-cell\"><\/th>\n                <th class=\"u-border-2 u-border-grey-25 u-border-no-left u-border-no-right u-border-no-top u-table-cell u-table-cell-2\">\n                  <span style=\"font-size: 1.23529rem;\">einzel-<br>unterricht\n                  <\/span>\n                  <span style=\"font-weight: 400;\">\n                    <br>\n                  <\/span>\n                  <span style=\"font-weight: 400; font-size: 0.882353rem;\">(Pro Monat)<br>\n                  <\/span>\n                <\/th>\n                <th class=\"u-border-2 u-border-grey-25 u-border-no-left u-border-no-right u-border-no-top u-table-cell u-table-cell-3\">zweier-<br>Gruppe<br>\n                  <span style=\"font-weight: 400; font-size: 0.882353rem;\">(pro Monat<br>&nbsp;Pro Teilnehmer)\n                  <\/span>\n                  <br>\n                <\/th>\n              <\/tr>\n            <\/thead>\n            <tbody class=\"u-align-center u-table-body u-table-valign-middle u-table-body-1\">\n              <tr style=\"height: 94px;\">\n                <td class=\"u-align-left u-border-2 u-border-grey-15 u-border-no-left u-border-no-right u-first-column u-table-cell u-table-cell-4\">30 min<\/td>\n                <td class=\"u-border-1 u-border-no-left u-border-no-right u-border-white u-table-cell\">75 \u20ac<\/td>\n                <td class=\"u-border-2 u-border-grey-15 u-border-no-left u-border-no-right u-table-cell\">60 \u20ac<\/td>\n              <\/tr>\n              <tr style=\"height: 94px;\">\n                <td class=\"u-align-left u-border-2 u-border-grey-15 u-border-no-left u-border-no-right u-first-column u-table-cell u-table-cell-7\">45 min<\/td>\n                <td class=\"u-border-2 u-border-grey-15 u-border-no-left u-border-no-right u-table-cell\">100 \u20ac<\/td>\n                <td class=\"u-border-2 u-border-grey-15 u-border-no-left u-border-no-right u-table-cell\">80 \u20ac<\/td>\n              <\/tr>\n              <tr style=\"height: 94px;\">\n                <td class=\"u-align-left u-border-2 u-border-grey-15 u-border-no-left u-border-no-right u-table-cell u-table-cell-10\">60 min<\/td>\n                <td class=\"u-border-2 u-border-grey-15 u-border-no-left u-border-no-right u-table-cell u-table-cell-11\">120 \u20ac<\/td>\n                <td class=\"u-border-2 u-border-grey-15 u-border-no-left u-border-no-right u-table-cell u-table-cell-12\">100 \u20ac<\/td>\n              <\/tr>\n              <tr style=\"height: 94px;\"><\/tr>\n            <\/tbody>\n          <\/table>\n        <\/div>\n      <\/div>\n    <\/section>\n    <section class=\"u-clearfix u-palette-1-dark-1 u-section-5\" id=\"sec-d430\">\n      <div class=\"u-clearfix u-sheet u-sheet-1\">\n        <h5 class=\"u-custom-font u-text u-text-1\"> K\u00fcndigung des Unterrichtvertrags:<\/h5>\n        <p class=\"u-custom-font u-text u-text-2\">K\u00fcndigungen sind zu jedem Monatsende mit einer K\u00fcndigungsfrist von 4 Wochen zul\u00e4ssig au\u00dfer zu Ende Juni und zu Ende Juli.<br>&nbsp;<br>&nbsp;<br>\n        <\/p>\n      <\/div>\n    <\/section>\n    <section class=\"u-clearfix u-palette-1-dark-1 u-section-6\" id=\"carousel_b3b0\">\n      <div class=\"u-clearfix u-sheet u-sheet-1\">\n        <h5 class=\"u-custom-font u-text u-text-1\"> Ausfallregelung:<\/h5>\n        <p class=\"u-custom-font u-text u-text-2\">\n          <br>Wird ein Termin von meiner Seite aus abgesagt, gebe ich ihn nat\u00fcrlich nach.<br>&nbsp;<br>Termine, die vom Sch\u00fcler abgesagt werden, muss ich nicht nachgeben.<br>Allerdings werde ich das \u2013 je nach Situation \u2013 auf Basis von Kulanz oftmals doch machen. Sprich, es besteht von Sch\u00fclerseite aus&nbsp; kein Anspruch darauf, aber ich schau, was sich machen l\u00e4sst.<br>\n        <\/p>\n      <\/div>\n    <\/section>\n    \n    \n    \n    \n  \n<\/div>","protected":false},"excerpt":{"rendered":"<p>Preise und Konditionen&nbsp; konditionen Der Unterricht findet 1 x w\u00f6chentlich statt immer zur gleichen Uhrzeit am gleichen Wochentag, au\u00dfer in den Schulferien und an den Feiertagen des Landes Berlin.&nbsp;Das entspricht im Schnitt ziemlich genau 3 Terminen pro Monat.&nbsp;Der Einfachheit halber wird jeden Monat das Honorar von 3 Terminen in Form eines Dauerauftrags \u00fcberwiesen, egal ob &hellip;<\/p>\n<p class=\"read-more\"> <a class=\"\" href=\"https:\/\/blockfl\u00f6te-berlin.de\/home\/preise-und-konditionen\/\"> <span class=\"screen-reader-text\">Preise und Konditionen<\/span> Weiterlesen &raquo;<\/a><\/p>\n","protected":false},"author":2,"featured_media":0,"parent":0,"menu_order":0,"comment_status":"closed","ping_status":"closed","template":"","meta":{"_uag_custom_page_level_css":"","site-sidebar-layout":"default","site-content-layout":"","ast-site-content-layout":"default","site-content-style":"default","site-sidebar-style":"default","ast-global-header-display":"","ast-banner-title-visibility":"","ast-main-header-display":"","ast-hfb-above-header-display":"","ast-hfb-below-header-display":"","ast-hfb-mobile-header-display":"","site-post-title":"","ast-breadcrumbs-content":"","ast-featured-img":"","footer-sml-layout":"","theme-transparent-header-meta":"","adv-header-id-meta":"","stick-header-meta":"","header-above-stick-meta":"","header-main-stick-meta":"","header-below-stick-meta":"","astra-migrate-meta-layouts":"set","footnotes":""},"class_list":["post-1901","page","type-page","status-publish","hentry"],"uagb_featured_image_src":{"full":false,"thumbnail":false,"medium":false,"medium_large":false,"large":false,"1536x1536":false,"2048x2048":false},"uagb_author_info":{"display_name":"Richard Shaw","author_link":"https:\/\/blockfl\u00f6te-berlin.de\/home\/author\/richardshaw\/"},"uagb_comment_info":0,"uagb_excerpt":"Preise und Konditionen&nbsp; konditionen Der Unterricht findet 1 x w\u00f6chentlich statt immer zur gleichen Uhrzeit am gleichen Wochentag, au\u00dfer in den Schulferien und an den Feiertagen des Landes Berlin.&nbsp;Das entspricht im Schnitt ziemlich genau 3 Terminen pro Monat.&nbsp;Der Einfachheit halber wird jeden Monat das Honorar von 3 Terminen in Form eines Dauerauftrags \u00fcberwiesen, egal ob&hellip;","_links":{"self":[{"href":"https:\/\/blockfl\u00f6te-berlin.de\/home\/wp-json\/wp\/v2\/pages\/1901","targetHints":{"allow":["GET"]}}],"collection":[{"href":"https:\/\/blockfl\u00f6te-berlin.de\/home\/wp-json\/wp\/v2\/pages"}],"about":[{"href":"https:\/\/blockfl\u00f6te-berlin.de\/home\/wp-json\/wp\/v2\/types\/page"}],"author":[{"embeddable":true,"href":"https:\/\/blockfl\u00f6te-berlin.de\/home\/wp-json\/wp\/v2\/users\/2"}],"replies":[{"embeddable":true,"href":"https:\/\/blockfl\u00f6te-berlin.de\/home\/wp-json\/wp\/v2\/comments?post=1901"}],"version-history":[{"count":11,"href":"https:\/\/blockfl\u00f6te-berlin.de\/home\/wp-json\/wp\/v2\/pages\/1901\/revisions"}],"predecessor-version":[{"id":2041,"href":"https:\/\/blockfl\u00f6te-berlin.de\/home\/wp-json\/wp\/v2\/pages\/1901\/revisions\/2041"}],"wp:attachment":[{"href":"https:\/\/blockfl\u00f6te-berlin.de\/home\/wp-json\/wp\/v2\/media?parent=1901"}],"curies":[{"name":"wp","href":"https:\/\/api.w.org\/{rel}","templated":true}]}}