{"id":1961,"date":"2023-12-12T11:09:57","date_gmt":"2023-12-12T10:09:57","guid":{"rendered":"https:\/\/blockfl\u00f6te-berlin.de\/home\/?page_id=1961"},"modified":"2023-12-12T12:17:24","modified_gmt":"2023-12-12T11:17:24","slug":"aufloesungen","status":"publish","type":"page","link":"https:\/\/blockfl\u00f6te-berlin.de\/home\/aufloesungen\/","title":{"rendered":"Aufl\u00f6sungen"},"content":{"rendered":"<div class=\"\" style=\"\" >\n    \n    <section class=\"u-clearfix u-container-align-center u-image u-section-2\" id=\"sec-8e66\" data-image-width=\"2048\" data-image-height=\"2026\" style=\"background-image: url(&quot;https:\/\/blockfl\u00f6te-berlin.de\/wp-content\/uploads\/2023\/12\/IMG_3431-2048x2026-1.jpg&quot;);\">\n      <div class=\"u-clearfix u-sheet u-sheet-1\"><\/div>\n    <\/section>\n    <section class=\"u-align-center u-clearfix u-palette-1-dark-1 u-section-3\" id=\"sec-46c9\">\n      <div class=\"u-clearfix u-sheet u-sheet-1\">\n        <div class=\"data-layout-selected u-clearfix u-gutter-0 u-layout-wrap u-layout-wrap-1\">\n          <div class=\"u-layout\" style=\"\">\n            <div class=\"u-layout-col\" style=\"\">\n              <div class=\"u-size-30\" style=\"\">\n                <div class=\"u-layout-col\" style=\"\">\n                  <div class=\"u-container-style u-layout-cell u-left-cell u-right-cell u-size-60 u-layout-cell-1\">\n                    <div class=\"u-container-layout u-valign-middle u-container-layout-1\">\n                      <h2 class=\"u-align-center u-custom-font u-text u-text-default u-text-1\">Aufl\u00f6sungen<\/h2>\n                      <div class=\"u-border-3 u-border-grey-5 u-line u-line-horizontal u-line-1\"><\/div>\n                    <\/div>\n                  <\/div>\n                <\/div>\n              <\/div>\n              <div class=\"u-size-30\">\n                <div class=\"u-layout-row\">\n                  <div class=\"u-container-style u-hidden-sm u-hidden-xs u-layout-cell u-left-cell u-size-2 u-layout-cell-2\">\n                    <div class=\"u-container-layout u-valign-middle u-container-layout-2\"><\/div>\n                  <\/div>\n                  <div class=\"u-container-style u-layout-cell u-right-cell u-size-58 u-layout-cell-3\">\n                    <div class=\"u-container-layout u-container-layout-3\">\n                      <p class=\"u-custom-font u-text u-text-default-lg u-text-default-md u-text-default-xl u-text-2\">\n                        <span style=\"font-weight: 700;\">Frage 1:<\/span>&nbsp;<br>Wie viele Blockfl\u00f6tengr\u00f6\u00dfen gibt es?&nbsp;<br>1) Es gibt nur eine Sorte Blockfl\u00f6te, n\u00e4mlich dieses ca. 30 cm lange Ding, welches alle kleinen Kinder lernen.<br>2) Es gibt genau vier verschiedene Blockfl\u00f6tengr\u00f6\u00dfen: Sopran, Alt, Tenor und Bass<br>3) acht oder mehr&nbsp;<br>\n                        <br>L\u00f6sung:&nbsp;<br>1+2: falsch<br>3: richtig<br>Von klein zu gro\u00df: Garkleinfl\u00f6tlein, Sopranino, Sopran, Alt, Tenor und diverse Bassblockfl\u00f6ten (Bass, Subbass, Gro\u00dfbass, Kontrabass\u2026)&nbsp;&nbsp;<br>\n                        <br>\n                        <span style=\"font-weight: 700;\">Frage 2:<\/span>&nbsp;<br>Wie gro\u00df ist die gr\u00f6\u00dfte Blockfl\u00f6te?&nbsp;<br>1) 50 cm<br>2) 1 m<br>3) 1,7 m<br>4) \u00fcber 2 m&nbsp;<br>\n                        <br>L\u00f6sung:&nbsp;<br>1,2,3: falsch<br>4: richtig&nbsp;&nbsp;<br>\n                        <br>\n                        <span style=\"font-weight: 700;\">Frage 3:<\/span>&nbsp;<br>Wie klein ist die kleinste Blockfl\u00f6te?&nbsp;<br>1) 12 cm<br>2) 17 cm<br>3) 21 cm<br>4) 34 cm&nbsp;<br>\n                        <br>L\u00f6sung:&nbsp;<br>1, 3, 4: falsch<br>2: richtig&nbsp;&nbsp;<br>\n                        <br>\n                        <span style=\"font-weight: 700;\">Frage 4:<\/span>&nbsp;<br>Welche Stimmtonh\u00f6hen bei Blockfl\u00f6ten sind gebr\u00e4uchlich? (Wie oft schwingt der Ton a\u2018 in einer Sekunde? Die daf\u00fcr verwendete Ma\u00dfeinheit ist Hertz (Hz), nach dem Physiker Heinrich Hertz)&nbsp;<br>1) a\u2018 = 440 Hz<br>2) a\u2018 = 415 Hz<br>3) a\u2018 = 432 Hz<br>4) a\u2018 = 466 Hz&nbsp;<br>\n                        <br>L\u00f6sung:&nbsp;<br>1: richtig. 440 Hz wurde 1939 als Standartstimmung (f\u00fcr ganz viele Instrumente) festgelegt. Dennoch will alles immer h\u00f6her, schneller und weiter hinaus, so auch die Standartstimmung des Kammerton a\u2018. Mittlerweile liegt die Standartstimmung eher zwischen 442 und 443 Hz. Auch neu produzierte Blockfl\u00f6ten sind meist schon auf 442 Hz gestimmt.<br>2: richtig. 415 Hz entspricht der g\u00e4ngigen Stimmung in der \u201eAlten Musik\u201c, die sich mit historischer Auff\u00fchrungspraxis besch\u00e4ftigt. Diese Stimmtonh\u00f6he befindet sich genau einen Halbton unter der Stimmung 440 Hz.<br>3: Eher falsch. Obwohl die Stimmtonh\u00f6he a\u2018 = 432 Hz den Ruf hat, in ihrer Wirkung viel entspannter und angenehmer zu sein, gibt es leider keine Blockfl\u00f6ten in 432 Hz, au\u00dfer nat\u00fcrlich als Spezialanfertigung. Bei eher tief gestimmten Blockfl\u00f6ten in 440 Hz reicht es allerdings manchmal schon, wenn man sie ein gro\u00dfes St\u00fcck auszieht, sprich l\u00e4nger und damit tiefer macht.<br>4: richtig. Auch diese Stimmtonh\u00f6he findet Anwendung in der historischen Auff\u00fchrungspraxis. 466 Hz ist genau einen Halbton h\u00f6her als die Stimmung in 440 Hz.&nbsp;&nbsp;<br>\n                        <br>\n                        <span style=\"font-weight: 700;\">Frage 5:<\/span>&nbsp;<br>Auf welchen Ton \/ welche T\u00f6ne sind Blockfl\u00f6ten gestimmt? (Welcher Ton erklingt, wenn man alle L\u00f6cher zumacht, was dem tiefsten Ton der Blockfl\u00f6te&nbsp;entspricht.)&nbsp;<br>1) Alle Blockfl\u00f6ten sind auf den Ton C gestimmt.<br>2) Es gibt C- und F-Fl\u00f6ten.<br>3) Es gibt auch Fl\u00f6ten auf D.<br>4) Es gibt auch Fl\u00f6ten auf G.<br>5) Es gibt auch Fl\u00f6ten auf His und Cis<br>6) Es gibt zu jedem einzelnen Ton auf dem Klavier eine spezielle Fl\u00f6te.&nbsp;<br>\n                        <br>L\u00f6sung:&nbsp;<br>1: falsch<br>2,3,4: richtig<br>5: Indirekt gibt diese Fl\u00f6ten sehr wohl: Der Ton \u201ehis\u201c entspricht enharmonisch verwechselt dem \u201ec\u201c und Fl\u00f6ten in c gibt es jede Menge. Und eine Fl\u00f6te in cis mit Stimmtonh\u00f6he a\u2018 = 440 Hz entspricht einer Fl\u00f6te in d (und die gibt es, siehe Antwort 3) mit Stimmtonh\u00f6he a\u2018 = 415 Hz. Allerdings w\u00fcrde man diese Fl\u00f6ten nicht \u201eFl\u00f6te in his\u201c oder \u201eFl\u00f6te in cis\u201c nennen. Insofern ist die Antwort 5 eher falsch.<br>6: falsch. Es gibt enorm viele Blockfl\u00f6ten in unterschiedlichsten Tonlagen und Stimmtonh\u00f6hen (siehe Frage 5), aber ein Klavier hat an die 90 Tasten, so viele verschiedene Blockfl\u00f6ten gibt es dann doch wieder nicht.&nbsp;&nbsp;<br>\n                        <br>\n                        <span style=\"font-weight: 700;\">Frage 6:&nbsp;<\/span>\n                        <br>Aus welchen Materialien bestehen Blockfl\u00f6ten?&nbsp;<br>1) aus Plastik<br>2) aus Holz<br>3) aus Glas<br>4) aus Silber<br>5) aus Grenadill<br>6) aus Knochen<br>7) aus Buchsbaum<br>8) aus Ahorn<br>9) aus Fichte<br>10) aus Olivenholz&nbsp;<br>\n                        <br>L\u00f6sung:&nbsp;<br>1, 2: richtig<br>3: falsch<br>4: falsch: Es gibt jedoch Querfl\u00f6ten aus Silber<br>5: richtig: Grenadill ist ein wertvolles, tiefschwarzes, schweres Tropenholz<br>6: falsch: Es gab fr\u00fcher definitiv jede Menge Knochenfl\u00f6ten, aber eben keine Blockfl\u00f6ten aus Knochen.<br>7: richtig: kommt sehr h\u00e4ufig zum Einsatz<br>8: richtig: wird gerne f\u00fcr Anf\u00e4ngerinstrumente verwendet<br>9: nicht, dass ich w\u00fcsste<br>10: richtig&nbsp;&nbsp;<br>\n                        <br>\n                        <span style=\"font-weight: 700;\">Frage 7:<\/span>&nbsp;<br>Aus wie vielen Einzelteilen k\u00f6nnen Blockfl\u00f6ten bestehen?&nbsp;<br>1) aus nur einem einzigen Teil<br>2) aus zwei Teilen<br>3) aus drei Teilen<br>4) aus vier Teilen<br>5) aus f\u00fcnf und noch viel mehr Teilen&nbsp;<br>\n                        <br>L\u00f6sung:&nbsp;<br>alle Antworten sind richtig.&nbsp;&nbsp;<br>\n                        <br>\n                        <span style=\"font-weight: 700;\">Frage 8:&nbsp;<\/span>\n                        <br>Gibt es auch eine E-Blockfl\u00f6te (elektronische Blockfl\u00f6te)?&nbsp;<br>1) bestimmt nicht<br>2) ja, die gibt es&nbsp;<br>\n                        <br>L\u00f6sung:&nbsp;<br>1: falsch<br>2: richtig, z.B. die \u201eElody\u201c&nbsp;&nbsp;<br>\n                        <br>\n                        <span style=\"font-weight: 700;\">Frage 9:<\/span>&nbsp;<br>Was davon gibt es tats\u00e4chlich?&nbsp;<br>1) Professuren f\u00fcr Blockfl\u00f6te<br>2) einen Doktortitel im Fach Blockfl\u00f6te<br>3) ein Diplom \/ Bachelor \/ Master im Fach Blockfl\u00f6te<br>4) Berufsmusiker mit Hauptfach Blockfl\u00f6te<br>5) Orchesterstellen f\u00fcr Blockfl\u00f6te z.B. bei den Berliner Philharmonikern&nbsp;<br>\n                        <br>L\u00f6sung:&nbsp;<br>1: richtig<br>2: falsch: Es gibt auch keinen Dr. in Violine, Klavier oder Gitarre. Man k\u00f6nnte aber in Musikp\u00e4dagogik oder Musikwissenschaft promovieren und gleichzeitig irgendein Instrument studieren, aber dann hat der Doktortitel nicht prim\u00e4r mit dem Instrument was zu tun.<br>3: richtig<br>4: richtig<br>5: falsch: In den klassischen Orchestern spielen keine Blockfl\u00f6ten mit. Hier finden wir ihre Kollegen, die Querfl\u00f6ten. Die Blockfl\u00f6te hatte ihre Hochphase in der Zeit des Barock und davor. In Orchestern, die sich ausschlie\u00dflich dieser \u201eAlten Musik\u201c widmen, findet man auch Blockfl\u00f6ten. Allerdings sind diese Orchester sehr viel kleiner als z.B. die Berliner Philharmoniker und auch sehr viel seltener. Zudem sind sie nicht haupts\u00e4chlich an einem Ort (wie die Berliner Philharmoniker in Berlin, in ihrer eigenen Philharmonie), sondern geben ihre Konzert an unterschiedlichen Orten.&nbsp;&nbsp;<br>\n                        <br>\n                        <span style=\"font-weight: 700;\">Frage 10:<\/span>&nbsp;<br>Wie alt ist die \u00e4lteste erhaltene Fl\u00f6te (nicht Blockfl\u00f6te, sondern Fl\u00f6te) der Welt?&nbsp;<br>1) 500 Jahre<br>2) 1000 Jahre<br>3) 3000 Jahre<br>4) 10.000 Jahre<br>5) 35.000 Jahre&nbsp;<br>\n                        <br>L\u00f6sung:&nbsp;<br>1, 2, 3, 4: falsch<br>5: richtig. Eine der derzeit \u00e4ltesten erhaltenen Fl\u00f6ten der Welt ist z.B. die \u201eFl\u00f6te vom Hohle Fels\u201c, eine G\u00e4nsegeierknochenfl\u00f6te, welche auf der Schw\u00e4bischen Alb ca. 20 km westlich von Ulm ausgegraben wurde. Es gibt noch weitere Knochenfl\u00f6tenfunde, die datiert werden auf ein Alter von 35.000 \u2013 40.000 Jahre&nbsp;&nbsp;<br>\n                        <br>\n                        <span style=\"font-weight: 700;\">Frage 11:<\/span>&nbsp;<br>Welche dieser Komponisten hat uns Originalliteratur f\u00fcr Blockfl\u00f6te hinterlassen? (Sprich St\u00fccke geschrieben, die ausdr\u00fccklich f\u00fcr die Blockfl\u00f6te gedacht waren und sind.)&nbsp;<br>1) Georg Friedrich H\u00e4ndel<br>2) Antonio Vivaldi<br>3) Johann Sebastian Bach<br>4) Wolfgang Amadeus Mozart<br>5) Franz Schubert<br>6) Gustav Mahler&nbsp;<br>\n                        <br>L\u00f6sung:&nbsp;<br>1, 2, 3: richtig<br>4, 5, 6: falsch (siehe Frage 9, Antwort 5)&nbsp;&nbsp;<br>\n                        <br>\n                        <span style=\"font-weight: 700;\">Frage 12:<\/span>&nbsp;<br>Wie viele Griffl\u00f6cher hat eine Blockfl\u00f6te?&nbsp;<br>1) sechs<br>2) acht<br>3) neun<br>4) wenn man die Doppell\u00f6cher mitz\u00e4hlt sogar 10&nbsp;<br>\n                        <br>L\u00f6sung:&nbsp;<br>\n                        <br>1: richtig: Es gibt pentatonisch gestimmte Blockfl\u00f6ten mit 6&nbsp;L\u00f6chern (einem Daumenloch und 5 L\u00f6chern vorne)<br>2: richtig<br>3: nicht, dass ich w\u00fcsste<br>4: richtig: Bei vielen Blockfl\u00f6ten sind die untersten beiden L\u00f6chern doppelt vorhanden, um die Halbt\u00f6ne der tieften T\u00f6ne besser spielen zu k\u00f6nnen. Sie hei\u00dfen Doppell\u00f6cher.&nbsp;&nbsp;<br>\n                        <br>\n                        <span style=\"font-weight: 700;\">Frage 13:&nbsp;<\/span>\n                        <br>Wieso hei\u00dft die Blockfl\u00f6te eigentlich Blockfl\u00f6te?&nbsp;<br>1) Sie ist benannt nach ihrem entscheidenden Bestandteil, dem Block, dem meist anders farbigem St\u00fcck Holz im Kopf der Blockfl\u00f6te.<br>2) Weil fr\u00fcher im Zuge der Hausmusik im eigenen Wohnblock viel Fl\u00f6te gespielt wurde.<br>3) Im Italienischen hei\u00dft die Blockfl\u00f6te \u201eflauto dolce\u201c, sprich \u201es\u00fc\u00dfe (weiche, milde) Fl\u00f6te\u201c<br>4) Im Englischen hei\u00dft die Blockfl\u00f6te \u201erecorder\u201c, im Sinne von \u201eaufnehmen, festhalten, erinnern\u201c<br>5) Im Franz\u00f6sischen nennt man die Blockfl\u00f6te \u201efl\u00fbte \u00e0 bec\u201c, was soviel wie Schnabelfl\u00f6te hei\u00dft<br>6) Im Russischen nennt man die Blockfl\u00f6te \u201ekoschkafljeta\u201c, sprich \u201eKatzenfl\u00f6te\u201c, warum das allerdings so ist, entzieht sich meiner Kenntnis.&nbsp;<br>\n                        <br>L\u00f6sung:&nbsp;<br>1: richtig<br>2: falsch<br>3, 4, 5: richtig<br>6: falsch: Blockfl\u00f6te auf russisch hei\u00dft ebenfalls \u201eblockfljeta\u201c oder auch \u201eprjamajafljeta\u201c&nbsp;&nbsp;<br>\n                        <br>\n                        <span style=\"font-weight: 700;\">Frage 14:&nbsp;<\/span>\n                        <br>Wie viele T\u00f6ne kann man auf einer (einzigen) Blockfl\u00f6te insgesamt spielen?&nbsp;<br>1) f\u00fcnf<br>2) zehn<br>3) dreizehn<br>4) zwanzig<br>5) an die drei\u00dfig T\u00f6ne<br>6) Z\u00e4hlen Viertelt\u00f6ne und Mikrot\u00f6ne auch?&nbsp;<br>\n                        <br>L\u00f6sung:&nbsp;<br>1, 2, 3, 4, 5: Abgesehen von der pentatonisch gestimmten Blockfl\u00f6te mit nur 6 L\u00f6chern kann man auf jeder \u201enormalen\u201c Blockfl\u00f6te mit 8 L\u00f6chern \u2013 wenn man es kann \u2013 an die 30 verschiedene T\u00f6ne spielen, wie sie sich auch auf dem Klavier finden.<br>Zu 6: z\u00e4hlt man nun auch noch Viertel- und Mikrot\u00f6ne dazu, w\u00e4ren es nat\u00fcrlich weitaus mehr.&nbsp;&nbsp;<br>\n                        <br>\n                        <span style=\"font-weight: 700;\">Frage 15:&nbsp;<\/span>\n                        <br>Wie viele T\u00f6ne kann man auf einer Blockfl\u00f6te gleichzeitig spielen?&nbsp;<br>1) Im Normalfall nur einen<br>2) Mit speziellen Griffen kann man auch mehr als einen Ton gleichzeitig produzieren.<br>3) Man kann einen Ton spielen und einen anderen Ton gleichzeitig singen, dann hat man auch zwei verschiedene T\u00f6ne.<br>4) Man kann auch zwei Fl\u00f6ten in den Mund nehmen, in jede Hand eine und so zweistimmig spielen.&nbsp;<br>\n                        <br>L\u00f6sung:&nbsp;Alle Antworten sind richtig. Die Blockfl\u00f6te z\u00e4hlt zu den Melodieinstrumenten, spielt also im Normalfall nicht mehrere T\u00f6ne gleichzeitig. Harmonieinstrumente wie das Klavier oder die Gitarre spielen in der Regel viele T\u00f6ne gleichzeitig. Aber der Fantasie ist keine Grenze gesetzt. Es gibt moderne Kompositionen f\u00fcr Blockfl\u00f6te, da singt man in die Blockfl\u00f6te hinein, erzeugt mit speziellen Griffen und Blastechniken Mehrkl\u00e4nge oder bl\u00e4st zwei Fl\u00f6ten gleichzeitig, eine in jeder Hand.&nbsp;&nbsp;<br>\n                        <br>\n                        <span style=\"font-weight: 700;\">Frage 16:<\/span>&nbsp;<br>Wie viele Blockfl\u00f6ten hat eine Blockfl\u00f6tenlehrerin \/ Blockfl\u00f6tistin ca. zu Hause in ihrem Fl\u00f6tenschrank?&nbsp;<br>1) vier \u2013 f\u00fcnf<br>2) f\u00fcnf \u2013 zehn<br>3) zehn- f\u00fcnfzehn<br>4) 20 \u2013 30<br>5) mehr als 30&nbsp;<br>\n                        <br>L\u00f6sung:&nbsp;<br>Ich habe noch keine Umfrage zu diesem Thema gestartet. Auf mich trifft definitiv Antwort Nr. 5 zu.&nbsp;&nbsp;<br>\n                        <br>\n                        <span style=\"font-weight: 700;\">Frage 17:<\/span>&nbsp;<br>Was geh\u00f6rt mit dazu zur Blockfl\u00f6tenpflege?&nbsp;<br>1) Man sollte die Blockfl\u00f6ten nach jedem Spielen von innen trockenwischen und anschlie\u00dfend wenn es geht noch weiter an der Luft trocknen lassen.<br>2) Die Blockfl\u00f6te muss im Herbst und Winter nach jedem Spielen trockengef\u00f6hnt werden.<br>3) Man muss nichts weiter beachten in Bezug auf Blockfl\u00f6tenpflege<br>4) Holzblockfl\u00f6ten muss man regelm\u00e4\u00dfig \u00f6len<br>5) Auch Plastikblockfl\u00f6ten sollte man hin und wieder \u00f6len<br>6) In tropischen L\u00e4ndern, wo es sehr, sehr feucht ist, gibt es Ger\u00e4te, in denen man die Blockfl\u00f6ten wieder trocken kann.&nbsp;<br>\n                        <br>L\u00f6sung:&nbsp;<br>1: richtig<br>2: falsch<br>3: falsch: siehe Punkt 1 und 4!<br>4: richtig<br>5: falsch<br>6: tats\u00e4chlich richtig&nbsp;&nbsp;<br>\n                        <br>\n                        <span style=\"font-weight: 700;\">Frage 18:<\/span>&nbsp;<br>Welche verschiedenen Griffweisen gibt es auf der Blockfl\u00f6te?&nbsp;<br>1) die klassische Griffweise<br>2) die barocke Griffweise<br>3) die franz\u00f6sische Griffweise<br>4) die deutsche Griffweise<br>5) die chinesische Griffweise&nbsp;<br>\n                        <br>L\u00f6sung:&nbsp;<br>1, 3, 5: falsch<br>2, 4: richtig. Die barocke Griffweise ist zu Beginn zwar etwas schwieriger zu erlernen als die deutsche Griffweise, aber mit der deutschen Griffweise kann man leider nur die einfachsten Tonarten (C-Dur, a-moll, F-Dur\u2026) bedienen. Sobald etwas schwierigere Tonarten ins Spiel kommen, braucht es die barocke Griffweise.&nbsp;&nbsp;<br>\n                        <br>\n                        <span style=\"font-weight: 700;\">Auswertung:&nbsp;<\/span>\n                        <br>\n                        <br>F\u00fcr jede komplett richtig beantwortete Frage gibt es einen Punkt. Die H\u00f6chstpunktzahl liegt somit bei 18 Punkten.&nbsp;<br>\n                        <br>0-5 Punkte: War gar nicht so leicht, oder? Aber woher soll man das auch alles wissen, wenn man nicht damit zu tun hat?<br>6-10 Punkte: Solide Grundkenntnisse habt ihr bereits. Das ist doch gut.<br>11-15 Punkte: Respekt! Ihr kennt euch schon ziemlich gut aus!<br>16-18 Punkte: Hallo liebe Kollegin, lieber Kollege \ud83d\ude42&nbsp;<br>\n                      <\/p>\n                    <\/div>\n                  <\/div>\n                <\/div>\n              <\/div>\n            <\/div>\n          <\/div>\n        <\/div>\n      <\/div>\n    <\/section>\n    \n    \n    \n    \n  \n<\/div>","protected":false},"excerpt":{"rendered":"<p>Aufl\u00f6sungen Frage 1:&nbsp;Wie viele Blockfl\u00f6tengr\u00f6\u00dfen gibt es?&nbsp;1) Es gibt nur eine Sorte Blockfl\u00f6te, n\u00e4mlich dieses ca. 30 cm lange Ding, welches alle kleinen Kinder lernen.2) Es gibt genau vier verschiedene Blockfl\u00f6tengr\u00f6\u00dfen: Sopran, Alt, Tenor und Bass3) acht oder mehr&nbsp; L\u00f6sung:&nbsp;1+2: falsch3: richtigVon klein zu gro\u00df: Garkleinfl\u00f6tlein, Sopranino, Sopran, Alt, Tenor und diverse Bassblockfl\u00f6ten (Bass, Subbass, &hellip;<\/p>\n<p class=\"read-more\"> <a class=\"\" href=\"https:\/\/blockfl\u00f6te-berlin.de\/home\/aufloesungen\/\"> <span class=\"screen-reader-text\">Aufl\u00f6sungen<\/span> Weiterlesen &raquo;<\/a><\/p>\n","protected":false},"author":2,"featured_media":0,"parent":0,"menu_order":0,"comment_status":"closed","ping_status":"closed","template":"","meta":{"_uag_custom_page_level_css":"","site-sidebar-layout":"default","site-content-layout":"","ast-site-content-layout":"default","site-content-style":"default","site-sidebar-style":"default","ast-global-header-display":"","ast-banner-title-visibility":"","ast-main-header-display":"","ast-hfb-above-header-display":"","ast-hfb-below-header-display":"","ast-hfb-mobile-header-display":"","site-post-title":"","ast-breadcrumbs-content":"","ast-featured-img":"","footer-sml-layout":"","theme-transparent-header-meta":"","adv-header-id-meta":"","stick-header-meta":"","header-above-stick-meta":"","header-main-stick-meta":"","header-below-stick-meta":"","astra-migrate-meta-layouts":"set","footnotes":""},"class_list":["post-1961","page","type-page","status-publish","hentry"],"uagb_featured_image_src":{"full":false,"thumbnail":false,"medium":false,"medium_large":false,"large":false,"1536x1536":false,"2048x2048":false},"uagb_author_info":{"display_name":"Richard Shaw","author_link":"https:\/\/blockfl\u00f6te-berlin.de\/home\/author\/richardshaw\/"},"uagb_comment_info":0,"uagb_excerpt":"Aufl\u00f6sungen Frage 1:&nbsp;Wie viele Blockfl\u00f6tengr\u00f6\u00dfen gibt es?&nbsp;1) Es gibt nur eine Sorte Blockfl\u00f6te, n\u00e4mlich dieses ca. 30 cm lange Ding, welches alle kleinen Kinder lernen.2) Es gibt genau vier verschiedene Blockfl\u00f6tengr\u00f6\u00dfen: Sopran, Alt, Tenor und Bass3) acht oder mehr&nbsp; L\u00f6sung:&nbsp;1+2: falsch3: richtigVon klein zu gro\u00df: Garkleinfl\u00f6tlein, Sopranino, Sopran, Alt, Tenor und diverse Bassblockfl\u00f6ten (Bass, Subbass,&hellip;","_links":{"self":[{"href":"https:\/\/blockfl\u00f6te-berlin.de\/home\/wp-json\/wp\/v2\/pages\/1961","targetHints":{"allow":["GET"]}}],"collection":[{"href":"https:\/\/blockfl\u00f6te-berlin.de\/home\/wp-json\/wp\/v2\/pages"}],"about":[{"href":"https:\/\/blockfl\u00f6te-berlin.de\/home\/wp-json\/wp\/v2\/types\/page"}],"author":[{"embeddable":true,"href":"https:\/\/blockfl\u00f6te-berlin.de\/home\/wp-json\/wp\/v2\/users\/2"}],"replies":[{"embeddable":true,"href":"https:\/\/blockfl\u00f6te-berlin.de\/home\/wp-json\/wp\/v2\/comments?post=1961"}],"version-history":[{"count":9,"href":"https:\/\/blockfl\u00f6te-berlin.de\/home\/wp-json\/wp\/v2\/pages\/1961\/revisions"}],"predecessor-version":[{"id":1977,"href":"https:\/\/blockfl\u00f6te-berlin.de\/home\/wp-json\/wp\/v2\/pages\/1961\/revisions\/1977"}],"wp:attachment":[{"href":"https:\/\/blockfl\u00f6te-berlin.de\/home\/wp-json\/wp\/v2\/media?parent=1961"}],"curies":[{"name":"wp","href":"https:\/\/api.w.org\/{rel}","templated":true}]}}